{"id":46441,"date":"2023-11-20T16:43:58","date_gmt":"2023-11-20T16:43:58","guid":{"rendered":"https:\/\/hurghadaexcursion.com\/?page_id=46441"},"modified":"2023-11-20T17:00:26","modified_gmt":"2023-11-20T17:00:26","slug":"home-hurghada-excursions","status":"publish","type":"page","link":"https:\/\/hurghadaexcursion.com\/ro\/home-hurghada-excursions\/","title":{"rendered":"Home Hurghada Excursions"},"content":{"rendered":"<p>[vc_row full_width=&#8221;stretch_row&#8221;][vc_column css=&#8221;.vc_custom_1543548162184{margin-bottom: -30px !important;}&#8221;][vc_empty_space height=&#8221;50px&#8221;][vc_column_text el_class=&#8221;fs-28 fs-normal&#8221;]<\/p>\n<h2 style=\"text-align: left;\">Top Destinations<\/h2>\n<p>[\/vc_column_text][st_list_of_destinations_new service=&#8221;st_tours,st_activity&#8221; posts_per_page=&#8221;6&#8243; style=&#8221;layout3&#8243; ids=&#8221;10202,14770,14784,14777,10203,10204&#8243;][\/vc_column][\/vc_row][vc_row][vc_column][vc_empty_space height=&#8221;50px&#8221;][vc_column_text]<\/p>\n<h2 style=\"text-align: center;\"><span style=\"font-size: 24pt;\"><strong><span style=\"font-family: 'comic sans ms', sans-serif;\">Your Travel Guide in Egypt<\/span><\/strong><\/span><\/h2>\n<p>&nbsp;<\/p>\n<p>&nbsp;<\/p>\n<p>&nbsp;<\/p>\n<div class=\"vc_row wpb_row vc_row-fluid mobile-margin\">\n<div class=\"wpb_column vc_column_container vc_col-sm-12\">\n<div class=\"vc_column-inner\">\n<div class=\"wpb_wrapper\">\n<div class=\"vc_wp_text wpb_content_element\">\n<div class=\"widget widget_text\">\n<div class=\"textwidget\"><\/div>\n<\/div>\n<\/div>\n<\/div>\n<\/div>\n<\/div>\n<\/div>\n<div class=\"vc_row wpb_row vc_row-fluid\">\n<div class=\"wpb_column vc_column_container vc_col-sm-12\">\n<h1><b>Hurghada Excursions Booking Online<\/b><\/h1>\n<h1><em><strong>Booking Cheap Prices &amp; Luxury Day Trips\u00a0<\/strong><\/em><i>Egypt<\/i><\/h1>\n<h1>We\u00a0offer:<\/h1>\n<h3><em>1\u00a0\u2013tours from\u00a0\u00a0<strong>Hurghada<\/strong><\/em><\/h3>\n<h3><em>2-\u00a0tours from\u00a0El Gouna<\/em><\/h3>\n<h3><em>3-\u00a0TOURS FROM\u00a0<strong>Makadi Bay<\/strong><\/em><\/h3>\n<h3><em>4-\u00a0TOURS FROM\u00a0<strong>Soma Bay<\/strong><\/em><\/h3>\n<h3><em>5- TOURS FROM\u00a0<strong>Sahl Hasheesh<\/strong><\/em><\/h3>\n<h1><em>6 \u2013<\/em><em>tours from safaga<\/em><\/h1>\n<h1><strong>Best EGYPT tours prices Online<\/strong><\/h1>\n<h1><strong>\u00a0Hurghada Excursion &amp; Trips Packages 2023| Places to Visit in Hurghada<a href=\"https:\/\/hurghadaexcursion.com\/hurghada-excursions\/?location_name=Marsa+Alam%7C%7C84480&amp;location_id=10204&amp;start=&amp;end=&amp;date=02%2F10%2F2022+12%3A00+am-03%2F10%2F2022+11%3A59+pm&amp;price_range=0%3B550&amp;taxonomy%5Battractions%5D=\">Marsa Alam<\/a>\u00a0Sharm el Sheikh\u00a0\u00a0\u00a0<a href=\"https:\/\/en.wikipedia.org\/wiki\/Egypt\">egypt<\/a> .<\/strong><\/h1>\n<\/div>\n<p>&nbsp;<\/p>\n<\/div>\n<p>[\/vc_column_text][\/vc_column][\/vc_row][vc_row css=&#8221;.vc_custom_1557891092526{padding-top: 20px !important;padding-bottom: 5px !important;}&#8221;][vc_column width=&#8221;1\/2&#8243;][vc_empty_space height=&#8221;10px&#8221;][st_offer_item_new style=&#8221;featured&#8221; background=&#8221;10498&#8243; title=&#8221;Special Offers&#8221; link=&#8221;url:https%3A%2F%2Fhurghadaexcursion.com%2Fsidebar-search-layout-tour%2F|title:See%20Deals|target:_blank&#8221; featured_text=&#8221;HOLIDAY SALE&#8221; sub_title=&#8221;Find Your Perfect Hotels Get the best prices on 20,000+ properties the best prices on.&#8221;][\/vc_column][vc_column width=&#8221;1\/4&#8243;][vc_empty_space height=&#8221;10px&#8221;][st_offer_item_new background=&#8221;10508&#8243; title=&#8221;Newsletters&#8221; link=&#8221;url:https%3A%2F%2Fhurghadaexcursion.com%2Fblog%2F|title:subscribe|target:_blank&#8221; sub_title=&#8221;Join for free and get our tailored newsletters full of hot travel deals.&#8221; icon=&#8221;10573&#8243;][\/vc_column][vc_column width=&#8221;1\/4&#8243;][vc_empty_space height=&#8221;10px&#8221;][st_offer_item_new background=&#8221;10576&#8243; title=&#8221;Travel Tips&#8221; link=&#8221;url:https%3A%2F%2Fhurghadaexcursion.com%2Fblog%2F|title:Get%20Inspired&#8221; sub_title=&#8221;Tips from our travel experts to make your next trip even better.&#8221; icon=&#8221;10578&#8243;][\/vc_column][\/vc_row][vc_row full_width=&#8221;stretch_row&#8221;][vc_column css=&#8221;.vc_custom_1542167696382{padding-top: 30px !important;padding-bottom: 30px !important;}&#8221;][vc_empty_space height=&#8221;62px&#8221;][st_list_of_multi_services_new list_services=&#8221;%5B%7B%22name%22%3A%22Tour%22%2C%22service%22%3A%22st_tours%22%7D%5D&#8221; posts_per_page=&#8221;8&#8243; heading=&#8221;Our Best Choices&#8221;][\/vc_column][\/vc_row][vc_row full_width=&#8221;stretch_row&#8221;][vc_column css=&#8221;.vc_custom_1542167696382{padding-top: 30px !important;padding-bottom: 30px !important;}&#8221;][vc_empty_space][st_list_of_multi_services_new list_services=&#8221;%5B%7B%22name%22%3A%22Activity%22%2C%22service%22%3A%22st_activity%22%7D%5D&#8221; posts_per_page=&#8221;8&#8243; heading=&#8221;Our Best Choices&#8221;][\/vc_column][\/vc_row][vc_row full_width=&#8221;stretch_row&#8221;][vc_column css=&#8221;.vc_custom_1542167696382{padding-top: 30px !important;padding-bottom: 30px !important;}&#8221;][vc_empty_space height=&#8221;60px&#8221;][vc_single_image image=&#8221;10609&#8243; img_size=&#8221;1464 x 547&#8243; alignment=&#8221;center&#8221; onclick=&#8221;custom_link&#8221; img_link_target=&#8221;_blank&#8221; link=&#8221;https:\/\/hurghadaexcursion.com\/sidebar-search-layout-tour\/&#8221;][\/vc_column][\/vc_row][vc_row full_width=&#8221;stretch_row&#8221;][vc_column css=&#8221;.vc_custom_1542167696382{padding-top: 30px !important;padding-bottom: 30px !important;}&#8221;][vc_empty_space][vc_column_text]<\/p>\n<h2>News<\/h2>\n<p>[\/vc_column_text][st_blog st_style=&#8221;style4&#8243; st_blog_number_post=&#8221;3&#8243; st_blog_style=&#8221;3&#8243; st_category=&#8221;0&#8243;][\/vc_column][\/vc_row][vc_row][vc_column][st_testimonial_new list_team=&#8221;%5B%7B%22avatar%22%3A%2210492%22%2C%22name%22%3A%22if%20you%20want%20fun%20adventures%2C%20exhilarating%20experiences%2C%20and%20just%20overall%20great%20times%20laughing%20and%20enjoying%20the%20natural%20beauty%20of%20Egypt%20with%20a%20group%20of%20fun-loving%2C%20motivated.%22%2C%22rating%22%3A%224%22%2C%22content%22%3A%22Ahmed%20Adel%22%7D%2C%7B%22avatar%22%3A%2210491%22%2C%22name%22%3A%22Our%20tour%20was%20amazing!%20Our%20tour%20guide%20was%20great%20and%20very%20helpful.%20He%20made%20sure%20we%20had%20the%20perfect%20photos%20and%20experience.%20Highly%20recommend.%22%2C%22rating%22%3A%224%22%2C%22content%22%3A%22Farah%20Ibrahiem%20%22%7D%2C%7B%22avatar%22%3A%2210493%22%2C%22name%22%3A%22I%20had%20a%20wonderful%20day%20with%20my%20friends%20the%20island%20was%20so%20beautiful%20the%20crew%20was%20amazing%20we%20really%20enjoyed%20our%20day%20and%20I%E2%80%99m%20sure%20I%E2%80%99m%20gonna%20this%20next%20vacation.%22%2C%22rating%22%3A%225%22%2C%22content%22%3A%22mohammed%20karem%22%7D%5D&#8221; style_layout=&#8221;&#8221; title=&#8221;Our Happy Clients&#8221;][\/vc_column][\/vc_row]<\/p>\n","protected":false},"excerpt":{"rendered":"[vc_row full_width=&#8221;stretch_row&#8221;][vc_column css=&#8221;.vc_custom_1543548162184{margin-bottom: -30px !important;}&#8221;][vc_empty_space height=&#8221;50px&#8221;][vc_column_text el_class=&#8221;fs-28 fs-normal&#8221;] Top Destinations...","protected":false},"author":7,"featured_media":0,"parent":0,"menu_order":0,"comment_status":"closed","ping_status":"closed","template":"template-home-modern.php","meta":{"footnotes":""},"class_list":["post-46441","page","type-page","status-publish","has-post-thumbnail","hentry"],"yoast_head":"<!-- This site is optimized with the Yoast SEO plugin v27.3 - https:\/\/yoast.com\/product\/yoast-seo-wordpress\/ -->\n<title>Home Hurghada Excursions | Hurghada Excursion<\/title>\n<meta name=\"robots\" content=\"index, follow, max-snippet:-1, max-image-preview:large, max-video-preview:-1\" \/>\n<link rel=\"canonical\" href=\"\/ro\/https:\/\/hurghadaexcursion.com\/ro\/home-hurghada-excursions\/\/\" \/>\n<meta property=\"og:locale\" content=\"en_US\" \/>\n<meta property=\"og:type\" content=\"article\" \/>\n<meta property=\"og:title\" content=\"Home Hurghada Excursions | Hurghada Excursion\" \/>\n<meta property=\"og:description\" content=\"[vc_row full_width=&#8221;stretch_row&#8221;][vc_column css=&#8221;.vc_custom_1543548162184{margin-bottom: -30px !important;}&#8221;][vc_empty_space height=&#8221;50px&#8221;][vc_column_text el_class=&#8221;fs-28 fs-normal&#8221;] Top Destinations [\/vc_column_text][st_list_of_destinations_new service=&#8221;st_tours,st_activity&#8221; posts_per_page=&#8221;6&#8243; style=&#8221;layout3&#8243; ids=&#8221;10202,14770,14784,14777,10203,10204&#8243;][\/vc_column][\/vc_row][vc_row][vc_column][vc_empty_space height=&#8221;50px&#8221;][vc_column_text] Your Travel Guide in Egypt &nbsp; &nbsp; &nbsp; Hurghada Excursions Booking Online Booking Cheap Prices &amp; Luxury Day Trips\u00a0Egypt We\u00a0offer: 1\u00a0\u2013tours from\u00a0\u00a0Hurghada 2-\u00a0tours from\u00a0El Gouna 3-\u00a0TOURS FROM\u00a0Makadi Bay 4-\u00a0TOURS FROM\u00a0Soma Bay 5- TOURS FROM\u00a0Sahl Hasheesh 6 \u2013tours from safaga [&hellip;]\" \/>\n<meta property=\"og:url\" content=\"\/ro\/https:\/\/hurghadaexcursion.com\/ro\/home-hurghada-excursions\/\/\" \/>\n<meta property=\"og:site_name\" content=\"Hurghada Excursion\" \/>\n<meta property=\"article:publisher\" content=\"https:\/\/www.facebook.com\/hurghadatrips.com.55\" \/>\n<meta property=\"article:modified_time\" content=\"2023-11-20T17:00:26+00:00\" \/>\n<meta name=\"twitter:card\" content=\"summary_large_image\" \/>\n<meta name=\"twitter:site\" content=\"@hurghadaexcurs1\" \/>\n<meta name=\"twitter:label1\" content=\"Est. reading time\" \/>\n\t<meta name=\"twitter:data1\" content=\"1 minute\" \/>\n<script type=\"application\/ld+json\" class=\"yoast-schema-graph\">{\"@context\":\"https:\\\/\\\/schema.org\",\"@graph\":[{\"@type\":\"WebPage\",\"@id\":\"https:\\\/\\\/hurghadaexcursion.com\\\/ro\\\/home-hurghada-excursions\\\/\",\"url\":\"https:\\\/\\\/hurghadaexcursion.com\\\/ro\\\/home-hurghada-excursions\\\/\",\"name\":\"Home Hurghada Excursions | Hurghada Excursion\",\"isPartOf\":{\"@id\":\"https:\\\/\\\/hurghadaexcursion.com\\\/#website\"},\"datePublished\":\"2023-11-20T16:43:58+00:00\",\"dateModified\":\"2023-11-20T17:00:26+00:00\",\"breadcrumb\":{\"@id\":\"https:\\\/\\\/hurghadaexcursion.com\\\/ro\\\/home-hurghada-excursions\\\/#breadcrumb\"},\"inLanguage\":\"en-US\",\"potentialAction\":[{\"@type\":\"ReadAction\",\"target\":[\"https:\\\/\\\/hurghadaexcursion.com\\\/ro\\\/home-hurghada-excursions\\\/\"]}]},{\"@type\":\"BreadcrumbList\",\"@id\":\"https:\\\/\\\/hurghadaexcursion.com\\\/ro\\\/home-hurghada-excursions\\\/#breadcrumb\",\"itemListElement\":[{\"@type\":\"ListItem\",\"position\":1,\"name\":\"Home\",\"item\":\"https:\\\/\\\/hurghadaexcursion.com\\\/\"},{\"@type\":\"ListItem\",\"position\":2,\"name\":\"Home Hurghada Excursions\"}]},{\"@type\":\"WebSite\",\"@id\":\"https:\\\/\\\/hurghadaexcursion.com\\\/#website\",\"url\":\"https:\\\/\\\/hurghadaexcursion.com\\\/\",\"name\":\"Hurghada Excursion\",\"description\":\"Best Travel Guide in Hurghada\",\"publisher\":{\"@id\":\"https:\\\/\\\/hurghadaexcursion.com\\\/#organization\"},\"potentialAction\":[{\"@type\":\"SearchAction\",\"target\":{\"@type\":\"EntryPoint\",\"urlTemplate\":\"https:\\\/\\\/hurghadaexcursion.com\\\/?s={search_term_string}\"},\"query-input\":{\"@type\":\"PropertyValueSpecification\",\"valueRequired\":true,\"valueName\":\"search_term_string\"}}],\"inLanguage\":\"en-US\"},{\"@type\":\"Organization\",\"@id\":\"https:\\\/\\\/hurghadaexcursion.com\\\/#organization\",\"name\":\"Hurghada Excursion\",\"url\":\"https:\\\/\\\/hurghadaexcursion.com\\\/\",\"logo\":{\"@type\":\"ImageObject\",\"inLanguage\":\"en-US\",\"@id\":\"https:\\\/\\\/hurghadaexcursion.com\\\/#\\\/schema\\\/logo\\\/image\\\/\",\"url\":\"https:\\\/\\\/hurghadaexcursion.com\\\/wp-content\\\/uploads\\\/2019\\\/05\\\/hueghada-excursion@2x-1.png\",\"contentUrl\":\"https:\\\/\\\/hurghadaexcursion.com\\\/wp-content\\\/uploads\\\/2019\\\/05\\\/hueghada-excursion@2x-1.png\",\"width\":380,\"height\":120,\"caption\":\"Hurghada Excursion\"},\"image\":{\"@id\":\"https:\\\/\\\/hurghadaexcursion.com\\\/#\\\/schema\\\/logo\\\/image\\\/\"},\"sameAs\":[\"https:\\\/\\\/www.facebook.com\\\/hurghadatrips.com.55\",\"https:\\\/\\\/x.com\\\/hurghadaexcurs1\",\"https:\\\/\\\/www.youtube.com\\\/channel\\\/UCpqEsBpgLc2qACQJWfJ_ggg\",\"https:\\\/\\\/hurghadaexcursion.com\\\/\"]}]}<\/script>\n<!-- \/ Yoast SEO plugin. -->","yoast_head_json":{"title":"Home Hurghada Excursions | Hurghada Excursion","robots":{"index":"index","follow":"follow","max-snippet":"max-snippet:-1","max-image-preview":"max-image-preview:large","max-video-preview":"max-video-preview:-1"},"canonical":"\/ro\/https:\/\/hurghadaexcursion.com\/ro\/home-hurghada-excursions\/\/","og_locale":"en_US","og_type":"article","og_title":"Home Hurghada Excursions | Hurghada Excursion","og_description":"[vc_row full_width=&#8221;stretch_row&#8221;][vc_column css=&#8221;.vc_custom_1543548162184{margin-bottom: -30px !important;}&#8221;][vc_empty_space height=&#8221;50px&#8221;][vc_column_text el_class=&#8221;fs-28 fs-normal&#8221;] Top Destinations [\/vc_column_text][st_list_of_destinations_new service=&#8221;st_tours,st_activity&#8221; posts_per_page=&#8221;6&#8243; style=&#8221;layout3&#8243; ids=&#8221;10202,14770,14784,14777,10203,10204&#8243;][\/vc_column][\/vc_row][vc_row][vc_column][vc_empty_space height=&#8221;50px&#8221;][vc_column_text] Your Travel Guide in Egypt &nbsp; &nbsp; &nbsp; Hurghada Excursions Booking Online Booking Cheap Prices &amp; Luxury Day Trips\u00a0Egypt We\u00a0offer: 1\u00a0\u2013tours from\u00a0\u00a0Hurghada 2-\u00a0tours from\u00a0El Gouna 3-\u00a0TOURS FROM\u00a0Makadi Bay 4-\u00a0TOURS FROM\u00a0Soma Bay 5- TOURS FROM\u00a0Sahl Hasheesh 6 \u2013tours from safaga [&hellip;]","og_url":"\/ro\/https:\/\/hurghadaexcursion.com\/ro\/home-hurghada-excursions\/\/","og_site_name":"Hurghada Excursion","article_publisher":"https:\/\/www.facebook.com\/hurghadatrips.com.55","article_modified_time":"2023-11-20T17:00:26+00:00","twitter_card":"summary_large_image","twitter_site":"@hurghadaexcurs1","twitter_misc":{"Est. reading time":"1 minute"},"schema":{"@context":"https:\/\/schema.org","@graph":[{"@type":"WebPage","@id":"https:\/\/hurghadaexcursion.com\/ro\/home-hurghada-excursions\/","url":"https:\/\/hurghadaexcursion.com\/ro\/home-hurghada-excursions\/","name":"Home Hurghada Excursions | Hurghada Excursion","isPartOf":{"@id":"https:\/\/hurghadaexcursion.com\/#website"},"datePublished":"2023-11-20T16:43:58+00:00","dateModified":"2023-11-20T17:00:26+00:00","breadcrumb":{"@id":"https:\/\/hurghadaexcursion.com\/ro\/home-hurghada-excursions\/#breadcrumb"},"inLanguage":"en-US","potentialAction":[{"@type":"ReadAction","target":["https:\/\/hurghadaexcursion.com\/ro\/home-hurghada-excursions\/"]}]},{"@type":"BreadcrumbList","@id":"https:\/\/hurghadaexcursion.com\/ro\/home-hurghada-excursions\/#breadcrumb","itemListElement":[{"@type":"ListItem","position":1,"name":"Home","item":"https:\/\/hurghadaexcursion.com\/"},{"@type":"ListItem","position":2,"name":"Home Hurghada Excursions"}]},{"@type":"WebSite","@id":"https:\/\/hurghadaexcursion.com\/#website","url":"https:\/\/hurghadaexcursion.com\/","name":"Excursii Hurghada","description":"Cel mai bun Ghid de C\u0103l\u0103torie \u00een Hurghada","publisher":{"@id":"https:\/\/hurghadaexcursion.com\/#organization"},"potentialAction":[{"@type":"SearchAction","target":{"@type":"EntryPoint","urlTemplate":"https:\/\/hurghadaexcursion.com\/?s={search_term_string}"},"query-input":{"@type":"PropertyValueSpecification","valueRequired":true,"valueName":"search_term_string"}}],"inLanguage":"en-US"},{"@type":"Organization","@id":"https:\/\/hurghadaexcursion.com\/#organization","name":"Excursii Hurghada","url":"https:\/\/hurghadaexcursion.com\/","logo":{"@type":"ImageObject","inLanguage":"en-US","@id":"https:\/\/hurghadaexcursion.com\/#\/schema\/logo\/image\/","url":"https:\/\/hurghadaexcursion.com\/wp-content\/uploads\/2019\/05\/hueghada-excursion@2x-1.png","contentUrl":"https:\/\/hurghadaexcursion.com\/wp-content\/uploads\/2019\/05\/hueghada-excursion@2x-1.png","width":380,"height":120,"caption":"Hurghada Excursion"},"image":{"@id":"https:\/\/hurghadaexcursion.com\/#\/schema\/logo\/image\/"},"sameAs":["https:\/\/www.facebook.com\/hurghadatrips.com.55","https:\/\/x.com\/hurghadaexcurs1","https:\/\/www.youtube.com\/channel\/UCpqEsBpgLc2qACQJWfJ_ggg","https:\/\/hurghadaexcursion.com\/"]}]}},"_links":{"self":[{"href":"https:\/\/hurghadaexcursion.com\/ro\/wp-json\/wp\/v2\/pages\/46441","targetHints":{"allow":["GET"]}}],"collection":[{"href":"https:\/\/hurghadaexcursion.com\/ro\/wp-json\/wp\/v2\/pages"}],"about":[{"href":"https:\/\/hurghadaexcursion.com\/ro\/wp-json\/wp\/v2\/types\/page"}],"author":[{"embeddable":true,"href":"https:\/\/hurghadaexcursion.com\/ro\/wp-json\/wp\/v2\/users\/7"}],"replies":[{"embeddable":true,"href":"https:\/\/hurghadaexcursion.com\/ro\/wp-json\/wp\/v2\/comments?post=46441"}],"version-history":[{"count":0,"href":"https:\/\/hurghadaexcursion.com\/ro\/wp-json\/wp\/v2\/pages\/46441\/revisions"}],"wp:attachment":[{"href":"https:\/\/hurghadaexcursion.com\/ro\/wp-json\/wp\/v2\/media?parent=46441"}],"curies":[{"name":"wp","href":"https:\/\/api.w.org\/{rel}","templated":true}]}}