{"id":12571,"date":"2019-02-18T06:42:46","date_gmt":"2019-02-18T06:42:46","guid":{"rendered":"https:\/\/hurghadaexcursion.com\/dzialalnosc\/"},"modified":"2024-12-01T13:39:52","modified_gmt":"2024-12-01T13:39:52","slug":"wycieczki-fakultatywne-w-marsa-wycieczki-po-egipcie","status":"publish","type":"page","link":"https:\/\/hurghadaexcursion.com\/pl\/wycieczki-fakultatywne-w-marsa-wycieczki-po-egipcie\/","title":{"rendered":"Wycieczki po Egipcie"},"content":{"rendered":"<h3 class=\"wp-block-heading\"><strong>Marsa Alam \u2013 Wycieczki Fakultatywne<\/strong> po Egipcie<\/h3>\n\n\n\n<h4 class=\"wp-block-heading\"><strong>Wycieczki Fakultatywne w Marsa Alam po Polsku<\/strong><\/h4>\n\n\n\n<ul class=\"wp-block-list\">\n<li><strong>Oferta<\/strong>: Organizujemy <strong>wycieczki fakultatywne w Marsa Alam<\/strong>, dost\u0119pne w <strong>j\u0119zyku polskim<\/strong>.<\/li>\n\n\n\n<li><strong>Rodzaje wycieczek<\/strong>:\n<ul class=\"wp-block-list\">\n<li>Nurkowanie na rafach koralowych.<\/li>\n\n\n\n<li>Safari po pustyni.<\/li>\n\n\n\n<li>Rejsy po Morzu Czerwonym.<\/li>\n\n\n\n<li>Zwiedzanie staro\u017cytnych \u015bwi\u0105ty\u0144 i zabytk\u00f3w.<\/li>\n<\/ul>\n<\/li>\n<\/ul>\n\n\n\n<h3 class=\"wp-block-heading\"><strong>Wycieczki do Kairu i Luxoru \u2013 Oferta<\/strong><\/h3>\n\n\n\n<p><strong>Wyjazdy Indywidualne<\/strong><\/p>\n\n\n\n<ul class=\"wp-block-list\">\n<li><strong>Liczba os\u00f3b<\/strong>: do 8.<\/li>\n\n\n\n<li><strong>Dostosowanie planu<\/strong>: Tworzymy indywidualny plan wycieczki, dopasowany do Waszych potrzeb i zainteresowa\u0144.<\/li>\n\n\n\n<li><strong>Opieka przewodnika<\/strong>: Przewodnik dost\u0119pny przez ca\u0142\u0105 wycieczk\u0119, zapewnia szczeg\u00f3\u0142owe poznanie historii zwiedzanych zabytk\u00f3w.<\/li>\n<\/ul>\n\n\n\n<p><strong>Wyjazdy Grupowe<\/strong><\/p>\n\n\n\n<ul class=\"wp-block-list\">\n<li><strong>Transport<\/strong>: Zapewniamy wygodny transport, szczeg\u00f3lnie przy rozleg\u0142o\u015bci Marsa Alam, co oszcz\u0119dza czas i minimalizuje zm\u0119czenie.<\/li>\n\n\n\n<li><strong>Klimatyzowane busy<\/strong>: Przew\u00f3z z hoteli do punktu zmiany pojazdu (Safaga \u2013 Luxor, Hurghada \u2013 Kair).<\/li>\n\n\n\n<li><strong>Terminy<\/strong>: Wyjazdy indywidualne codziennie, grupowe \u2013 we wtorki, czwartki i niedziele.<\/li>\n<\/ul>\n\n\n\n<hr class=\"wp-block-separator has-alpha-channel-opacity\"\/>\n\n\n\n<h3 class=\"wp-block-heading\"><strong>Snorkeling i Nurkowanie<\/strong><\/h3>\n\n\n\n<ul class=\"wp-block-list\">\n<li><strong>Sprz\u0119t<\/strong>: Zapewniamy maski, p\u0142etwy, kapoki i sprz\u0119t do nurkowania.<\/li>\n\n\n\n<li><strong>Nurkowanie dla ka\u017cdego<\/strong>: Bez wzgl\u0119du na umiej\u0119tno\u015bci p\u0142ywania \u2013 bezpiecze\u0144stwo pod okiem instruktora.<\/li>\n\n\n\n<li><strong>Podwodna fauna<\/strong>: Spotkanie z delfinami, \u017c\u00f3\u0142wiami i krowami morskimi na rafach koralowych.<\/li>\n<\/ul>\n\n\n\n<hr class=\"wp-block-separator has-alpha-channel-opacity\"\/>\n\n\n\n<h3 class=\"wp-block-heading\"><strong>Safari na Pustyni<\/strong><\/h3>\n\n\n\n<ul class=\"wp-block-list\">\n<li><strong>Rodzaj trasy<\/strong>: Safari w g\u0142\u0105b pustyni \u2013 bez asfaltowych dr\u00f3g.<\/li>\n\n\n\n<li><strong>Autentyczno\u015b\u0107<\/strong>: Do\u015bwiadczenie prawdziwego klimatu pustyni, kontakt z kultur\u0105 Beduin\u00f3w.<\/li>\n<\/ul>\n\n\n\n<h3 class=\"wp-block-heading\"><strong>Ceny Wycieczek Fakultatywnych w Marsa Alam<\/strong> <\/h3>\n\n\n\n<figure class=\"wp-block-table\"><table class=\"has-fixed-layout\"><thead><tr><th><strong>Rodzaj Wycieczki<\/strong><\/th><th><strong>Cena (EUR)<\/strong><\/th><\/tr><\/thead><tbody><tr><td>Nurkowanie na rafie koralowej<\/td><td>30 &#8211; 80 EUR<\/td><\/tr><tr><td>Safari po pustyni<\/td><td>40 &#8211; 60 EUR<\/td><\/tr><tr><td>Rejs po Morzu Czerwonym<\/td><td>40 &#8211; 70 EUR<\/td><\/tr><tr><td>Zwiedzanie Kairu i Luxoru<\/td><td>100 &#8211; 150 EUR<\/td><\/tr><\/tbody><\/table><\/figure>\n\n\n\n<p><strong>Ceny<\/strong> zale\u017c\u0105 od typu wycieczki i czasu trwania. Mo\u017cliwo\u015b\u0107 negocjacji przy wi\u0119kszej liczbie uczestnik\u00f3w.<\/p>\n\n\n\n<p><\/p>\n\n\n\n<h3 class=\"wp-block-heading\"><strong>Najcz\u0119\u015bciej Zadawane Pytania<\/strong><\/h3>\n\n\n\n<h3 class=\"wp-block-heading\"><strong>1. Najpopularniejsze wycieczki w Marsa Alam?<\/strong><\/h3>\n\n\n\n<p><strong>Odpowied\u017a:<\/strong><br>Nurkowanie, safari, zwiedzanie \u015bwi\u0105ty\u0144, rejsy po Morzu Czerwonym.<\/p>\n\n\n\n<h3 class=\"wp-block-heading\"><strong>2. Czy mo\u017cna nurkowa\u0107 w Marsa Alam?<\/strong><\/h3>\n\n\n\n<p><strong>Odpowied\u017a:<\/strong><br>Tak, Marsa Alam to idealne miejsce zar\u00f3wno dla pocz\u0105tkuj\u0105cych, jak i zaawansowanych nurk\u00f3w, oferuj\u0105ce pi\u0119kne rafy koralowe.<\/p>\n\n\n\n<h3 class=\"wp-block-heading\"><strong>3. Koszt wycieczek fakultatywnych?<\/strong><\/h3>\n\n\n\n<p><strong>Odpowied\u017a:<\/strong><br>Ceny wahaj\u0105 si\u0119 od 30 do 150 euro, w zale\u017cno\u015bci od rodzaju i czasu trwania wycieczki.<\/p>\n\n\n\n<h3 class=\"wp-block-heading\"><strong>4. Czy warto na safari w Marsa Alam?<\/strong><\/h3>\n\n\n\n<p><strong>Odpowied\u017a:<\/strong><br>Tak, safari to niezapomniane prze\u017cycie \u2013 b\u0119dziesz mia\u0142 okazj\u0119 pozna\u0107 kultur\u0119 Beduin\u00f3w i zachwyci\u0107 si\u0119 pi\u0119knem pustyni.<\/p>\n\n\n\n<h3 class=\"wp-block-heading\"><strong>5. Biura podr\u00f3\u017cy oferuj\u0105ce wycieczki do Marsa Alam?<\/strong><\/h3>\n\n\n\n<p><strong>Odpowied\u017a:<\/strong><br>Firma <strong>Darnilu<\/strong> specjalizuje si\u0119 w organizacji wycieczek w Marsa Alam i oferuje <strong>polskoj\u0119zycznych przewodnik\u00f3w<\/strong>.<\/p>\n\n\n\n<h3 class=\"wp-block-heading\"><strong>Wycieczki Fakultatywne w Marsa Alam \u2013 Forum<\/strong><\/h3>\n\n\n\n<p>Na forum po\u015bwi\u0119conym wycieczkom w Marsa Alam, tury\u015bci dziel\u0105 si\u0119 swoimi do\u015bwiadczeniami i opiniami na temat:<\/p>\n\n\n\n<ul class=\"wp-block-list\">\n<li>Jako\u015bci przewodnik\u00f3w.<\/li>\n\n\n\n<li>Wygody transportu.<\/li>\n\n\n\n<li>Atrakcjach turystycznych.<\/li>\n\n\n\n<li>Najlepszych biur podr\u00f3\u017cy.<\/li>\n<\/ul>\n\n\n\n<p><strong>Wskaz\u00f3wki<\/strong>: Przed rezerwacj\u0105 warto sprawdzi\u0107 opinie na forum, aby wybra\u0107 najlepsz\u0105 ofert\u0119 i unikn\u0105\u0107 rozczarowa\u0144.<\/p>\n\n\n\n<h3 class=\"wp-block-heading\"><strong>Wycieczki Marsa Alam \u2013 Jakie Wybra\u0107?<\/strong><\/h3>\n\n\n\n<ul class=\"wp-block-list\">\n<li><strong>Dla mi\u0142o\u015bnik\u00f3w przyrody<\/strong>: Nurkowanie, snorkeling, rejsy po Morzu Czerwonym.<\/li>\n\n\n\n<li><strong>Dla poszukiwaczy przyg\u00f3d<\/strong>: Safari po pustyni, wycieczki na quadach.<\/li>\n\n\n\n<li><strong>Dla koneser\u00f3w historii<\/strong>: Zwiedzanie Luxoru, Kairu, \u015bwi\u0105ty\u0144 w Edfu i Kom Ombo.<\/li>\n<\/ul>\n\n\n\n<h3 class=\"wp-block-heading\"><strong>Dlaczego Marsa Alam?<\/strong><\/h3>\n\n\n\n<ul class=\"wp-block-list\">\n<li><strong>Rafy koralowe<\/strong>: Idealne miejsce na nurkowanie.<\/li>\n\n\n\n<li><strong>Pustynia<\/strong>: Safari po unikalnych terenach w g\u0142\u0105b pustyni.<\/li>\n\n\n\n<li><strong>Kultura<\/strong>: Poznaj fascynuj\u0105c\u0105 histori\u0119 Egiptu.<\/li>\n<\/ul>\n\n\n\n<hr class=\"wp-block-separator has-alpha-channel-opacity\"\/>\n\n\n\n<h3 class=\"wp-block-heading\"><strong>Podsumowanie<\/strong><\/h3>\n\n\n\n<ul class=\"wp-block-list\">\n<li><strong>Marsa Alam<\/strong> to idealne miejsce na wycieczki fakultatywne, zar\u00f3wno dla os\u00f3b szukaj\u0105cych relaksu, jak i tych pragn\u0105cych przyg\u00f3d.<\/li>\n\n\n\n<li>Wybieraj\u0105c wycieczk\u0119 po polsku, masz gwarancj\u0119 profesjonalnej obs\u0142ugi i pe\u0142nej komunikacji w j\u0119zyku polskim.<\/li>\n\n\n\n<li>Sprawd\u017a ceny i opinie na <strong>forum<\/strong>, aby wybra\u0107 najlepsze wycieczki w Marsa Alam.<\/li>\n<\/ul>\n\n\n\n<p>Planujesz podr\u00f3\u017c do Egiptu? Je\u015bli tak, to jeste\u015b w dobrym miejscu! Oferujemy szeroki wyb\u00f3r wycieczek i tras na ka\u017cdy gust i bud\u017cet.Wycieczki po Egipcie<\/p>\n\n\n\n<h2 class=\"wp-block-heading\">Wycieczki po Egipcie<\/h2>\n\n\n\n<p>Szeroki wyb\u00f3r wycieczek i tras: Oferujemy wycieczki do najpopularniejszych atrakcji Egiptu, takich jak piramidy w Gizie, Dolina Kr\u00f3l\u00f3w i \u015bwi\u0105tynia Karnak. Oferujemy r\u00f3wnie\u017c specjalne wycieczki dla rodzin, grup i mi\u0142o\u015bnik\u00f3w aktywnego wypoczynku.<br>Bilety na najpopularniejsze atrakcje: Oferujemy bilety na najpopularniejsze atrakcje Egiptu, takie jak piramidy w Gizie, Dolina Kr\u00f3l\u00f3w i \u015bwi\u0105tynia Karnak.<br>Bezp\u0142atna anulacja: Mo\u017cesz anulowa\u0107 podr\u00f3\u017c do 24 godzin przed wylotem bezp\u0142atnie.<br>Bez przewodnika: Nasze wycieczki nie s\u0105 wycieczkami z przewodnikiem. Oferujemy autentyczne do\u015bwiadczenie i gwarantujemy, \u017ce b\u0119dziesz m\u00f3g\u0142 zwiedzi\u0107 atrakcje w spokoju i bez po\u015bpiechu.<br>Wysoka jako\u015b\u0107 obs\u0142ugi: Jeste\u015bmy do\u015bwiadczonym biurem podr\u00f3\u017cy z zespo\u0142em ekspert\u00f3w, kt\u00f3rzy ch\u0119tnie pomog\u0105 Ci zaplanowa\u0107 podr\u00f3\u017c.<br>Gwarancja najlepszej ceny: Oferujemy Ci najlepsze ceny na nasze wycieczki i trasy.<br>Ubezpieczenie wliczone w cen\u0119: Wszystkie nasze wycieczki i trasy obejmuj\u0105 ubezpieczenie podr\u00f3\u017cne.<br>Zarezerwuj swoj\u0105 podr\u00f3\u017c ju\u017c dzi\u015b i prze\u017cyj Egipt z nami!<\/p>\n\n\n\n<h3 class=\"wp-block-heading\">Wycieczki po Egipcie<\/h3>\n\n\n\n<h3 class=\"wp-block-heading\">Odkryj najlepsze atrakcje w Hurghadzie w Egipcie w 2023 roku &#8211; Hurghada Tour<\/h3>\n\n\n\n<p>Hurghada: Hurghada to popularny cel turystyczny w Egipcie, kt\u00f3ry co roku przyci\u0105ga tysi\u0105ce odwiedzaj\u0105cych z ca\u0142ego \u015bwiata. Miasto po\u0142o\u017cone jest na wybrze\u017cu Morza Czerwonego i oferuje szeroki wyb\u00f3r ekscytuj\u0105cych wycieczek i atrakcji. Oto niekt\u00f3re z najlepszych atrakcji w Hurghadzie, kt\u00f3re mo\u017cna zwiedzi\u0107 w 2023 roku:<\/p>\n\n\n\n<p>Wybierz spo\u015br\u00f3d ponad 50 ofert wycieczek statkiem i wycieczek historycznych: Oferujemy wycieczki statkiem do staro\u017cytnych miast, takich jak Luksor i Asuan, a tak\u017ce wycieczki historyczne po piramidach i \u015bwi\u0105tyniach.<br>Zanurkuj w podwodnym \u015bwiecie <strong><a href=\"https:\/\/egypttourclub.com\/destinations\/marsa-alam\/\">Morza Czerwonego<\/a><\/strong>: Hurghada jest jednym z najlepszych miejsc na \u015bwiecie do nurkowania i snorkelingu. Oferujemy szeroki wyb\u00f3r safari nurkowych i wycieczek na snorkeling.<br>Odpocznij na pla\u017cy: Hurghada s\u0142ynie ze swoich pi\u0119knych pla\u017c z bia\u0142ym piaskiem i krystalicznie czyst\u0105 wod\u0105. Oferujemy r\u00f3\u017cne opcje zakwaterowania na pla\u017cy, aby\u015b m\u00f3g\u0142 si\u0119 zrelaksowa\u0107 i cieszy\u0107 si\u0119 s\u0142o\u0144cem.<br>Spr\u00f3buj lokalnej kuchni: Egipska kuchnia to pyszne po\u0142\u0105czenie smak\u00f3w wschodnich i \u015br\u00f3dziemnomorskich. Oferujemy r\u00f3\u017cne wycieczki kulinarne, aby\u015b m\u00f3g\u0142 spr\u00f3bowa\u0107 tradycyjnych potraw Egiptu.Wycieczki po Egipcie<br>Zarezerwuj swoj\u0105 podr\u00f3\u017c do Hurghady ju\u017c dzi\u015b i stw\u00f3rz niezapomniane wspomnienia!<\/p>\n\n\n\n<h3 class=\"wp-block-heading\">Marsa el alam wycieczki fakultatywne<\/h3>\n\n\n\n<ul class=\"wp-block-list\">\n<li><a href=\"https:\/\/hurghadaexcursion.com\/pl\/st_activity\/dwudniowe-wycieczki-do-kaira-z-marsa-alam-samolotem\/?lang=pl\">DWUDNIOWE WYCIECZKI DO KAIRA Z MARSA ALAM SAMOLOTEM<\/a><\/li>\n\n\n\n<li><a href=\"https:\/\/hurghadaexcursion.com\/pl\/st_activity\/seascope-semi-lodz-podwodna-z-marsa-alam\/?lang=pl\">Seascope-Semi \u0142\u00f3d\u017a podwodna z Marsa Alam<\/a><\/li>\n\n\n\n<li><a href=\"https:\/\/hurghadaexcursion.com\/pl\/st_activity\/excursions-to-egypt-lodz-nefertari-semi-lodz-podwodna-z-marsa-alam\/?lang=pl\">Nefertari, Semi \u0142\u00f3d\u017a podwodna z Marsa Alam<\/a><\/li>\n\n\n\n<li><a href=\"https:\/\/hurghadaexcursion.com\/pl\/st_activity\/wycieczka-z-marsa-alam-plywanie-z-delfinami-snorkeling-tour-rafa-sataya-dom-delfinow\/?lang=pl\">P\u0141YWANIE Z DELFINAMI<\/a><\/li>\n\n\n\n<li><a href=\"https:\/\/hurghadaexcursion.com\/pl\/st_activity\/wycieczka-do-kaira-z-port-ghalib\/?lang=pl\">DZIENNA WYCIECZKA DO KAIRA Z Port Ghalib<\/a><\/li>\n\n\n\n<li><a href=\"https:\/\/hurghadaexcursion.com\/pl\/st_activity\/wycieczka-do-luksoru-z-portghalib\/?lang=pl\">WYCIECZKA DO LUKSORU Z PORTGHALIB<\/a><\/li>\n\n\n\n<li><a href=\"https:\/\/hurghadaexcursion.com\/pl\/st_activity\/asuan-egipt-wycieczka-z-marsa-alam\/?lang=pl\">Abu Simbel i Asuan egipt z Marsa alam<\/a><\/li>\n\n\n\n<li><a href=\"https:\/\/hurghadaexcursion.com\/pl\/st_activity\/luksor-marsa-alam\/?lang=pl\">LUKSOR Marsa Alam \u2013 wycieczka do luksoru<\/a><\/li>\n\n\n\n<li><a href=\"https:\/\/hurghadaexcursion.com\/pl\/st_activity\/marsa-alam-piramidy-samolotem\/?lang=pl\">MARSA ALAM Piramidy SAMOLOTEM<\/a><\/li>\n\n\n\n<li><a href=\"https:\/\/hurghadaexcursion.com\/pl\/st_activity\/wycieczki-z-marsa-alam-do-kairu\/?lang=pl\">wycieczki z Marsa Alam do kairu<\/a><\/li>\n\n\n\n<li><a href=\"https:\/\/hurghadaexcursion.com\/pl\/st_activity\/snorkeling-w-dolphin-house\/?lang=pl\">Snorkeling w Dolphin House \u2013 Sha\u2019ab Samadai Reef w Marsa Alam<\/a><\/li>\n\n\n\n<li><a href=\"https:\/\/hurghadaexcursion.com\/pl\/st_activity\/sharm-el-luli-marsa-alam-wycieczki\/?lang=pl\">Sharm El Luli Marsa Alam wycieczki<\/a><\/li>\n\n\n\n<li><a href=\"https:\/\/hurghadaexcursion.com\/pl\/st_activity\/wycieczki-safari-z-marsa-alam\/?lang=pl\">wycieczki safari z Marsa Alam<\/a><\/li>\n<\/ul>","protected":false},"excerpt":{"rendered":"Marsa Alam \u2013 Wycieczki Fakultatywne po Egipcie Wycieczki Fakultatywne w...","protected":false},"author":7,"featured_media":11553,"parent":0,"menu_order":0,"comment_status":"closed","ping_status":"closed","template":"template-activity-search.php","meta":{"footnotes":""},"class_list":["post-12571","page","type-page","status-publish","has-post-thumbnail","hentry"],"yoast_head":"<!-- This site is optimized with the Yoast SEO plugin v27.4 - https:\/\/yoast.com\/product\/yoast-seo-wordpress\/ -->\n<title>Wycieczki po Egipcie | Hurghada Excursion<\/title>\n<meta name=\"description\" content=\"Wycieczki po Egipcie\" \/>\n<meta name=\"robots\" content=\"index, follow, max-snippet:-1, max-image-preview:large, max-video-preview:-1\" \/>\n<link rel=\"canonical\" href=\"\/pl\/https:\/\/hurghadaexcursion.com\/pl\/wycieczki-fakultatywne-w-marsa-wycieczki-po-egipcie\/\/\" \/>\n<meta property=\"og:locale\" content=\"pl_PL\" \/>\n<meta property=\"og:type\" content=\"article\" \/>\n<meta property=\"og:title\" content=\"Wycieczki po Egipcie | Hurghada Excursion\" \/>\n<meta property=\"og:description\" content=\"Wycieczki po Egipcie\" \/>\n<meta property=\"og:url\" content=\"\/pl\/https:\/\/hurghadaexcursion.com\/pl\/wycieczki-fakultatywne-w-marsa-wycieczki-po-egipcie\/\/\" \/>\n<meta property=\"og:site_name\" content=\"Hurghada Excursion\" \/>\n<meta property=\"article:publisher\" content=\"https:\/\/www.facebook.com\/hurghadatrips.com.55\" \/>\n<meta property=\"article:modified_time\" content=\"2024-12-01T13:39:52+00:00\" \/>\n<meta property=\"og:image\" content=\"https:\/\/hurghadaexcursion.com\/wp-content\/uploads\/2022\/02\/banner-hurghada-tours.jpg\" \/>\n\t<meta property=\"og:image:width\" content=\"1920\" \/>\n\t<meta property=\"og:image:height\" content=\"705\" \/>\n\t<meta property=\"og:image:type\" content=\"image\/jpeg\" \/>\n<meta name=\"twitter:card\" content=\"summary_large_image\" \/>\n<meta name=\"twitter:site\" content=\"@hurghadaexcurs1\" \/>\n<meta name=\"twitter:label1\" content=\"Szacowany czas czytania\" \/>\n\t<meta name=\"twitter:data1\" content=\"5 minut\" \/>\n<script type=\"application\/ld+json\" class=\"yoast-schema-graph\">{\"@context\":\"https:\\\/\\\/schema.org\",\"@graph\":[{\"@type\":\"WebPage\",\"@id\":\"https:\\\/\\\/hurghadaexcursion.com\\\/pl\\\/wycieczki-fakultatywne-w-marsa-wycieczki-po-egipcie\\\/\",\"url\":\"https:\\\/\\\/hurghadaexcursion.com\\\/pl\\\/wycieczki-fakultatywne-w-marsa-wycieczki-po-egipcie\\\/\",\"name\":\"Wycieczki po Egipcie | Hurghada Excursion\",\"isPartOf\":{\"@id\":\"https:\\\/\\\/hurghadaexcursion.com\\\/pl\\\/#website\"},\"primaryImageOfPage\":{\"@id\":\"https:\\\/\\\/hurghadaexcursion.com\\\/pl\\\/wycieczki-fakultatywne-w-marsa-wycieczki-po-egipcie\\\/#primaryimage\"},\"image\":{\"@id\":\"https:\\\/\\\/hurghadaexcursion.com\\\/pl\\\/wycieczki-fakultatywne-w-marsa-wycieczki-po-egipcie\\\/#primaryimage\"},\"thumbnailUrl\":\"https:\\\/\\\/hurghadaexcursion.com\\\/wp-content\\\/uploads\\\/2022\\\/02\\\/banner-hurghada-tours.jpg\",\"datePublished\":\"2019-02-18T06:42:46+00:00\",\"dateModified\":\"2024-12-01T13:39:52+00:00\",\"description\":\"Wycieczki po Egipcie\",\"breadcrumb\":{\"@id\":\"https:\\\/\\\/hurghadaexcursion.com\\\/pl\\\/wycieczki-fakultatywne-w-marsa-wycieczki-po-egipcie\\\/#breadcrumb\"},\"inLanguage\":\"pl-PL\",\"potentialAction\":[{\"@type\":\"ReadAction\",\"target\":[\"https:\\\/\\\/hurghadaexcursion.com\\\/pl\\\/wycieczki-fakultatywne-w-marsa-wycieczki-po-egipcie\\\/\"]}]},{\"@type\":\"ImageObject\",\"inLanguage\":\"pl-PL\",\"@id\":\"https:\\\/\\\/hurghadaexcursion.com\\\/pl\\\/wycieczki-fakultatywne-w-marsa-wycieczki-po-egipcie\\\/#primaryimage\",\"url\":\"https:\\\/\\\/hurghadaexcursion.com\\\/wp-content\\\/uploads\\\/2022\\\/02\\\/banner-hurghada-tours.jpg\",\"contentUrl\":\"https:\\\/\\\/hurghadaexcursion.com\\\/wp-content\\\/uploads\\\/2022\\\/02\\\/banner-hurghada-tours.jpg\",\"width\":1920,\"height\":705,\"caption\":\"\u044d\u043a\u0441\u043a\u0443\u0440\u0441\u0438\u0438 \u0438\u0437 \u0448\u0430\u0440\u043c \u044d\u043b\u044c \u0448\u0435\u0439\u0445\u0430 \u0448\u0430\u0440\u043c \u044d\u043b\u044c \u0448\u0435\u0439\u0445 \u0441\u0442\u043e\u0438\u043c\u043e\u0441\u0442\u044c \u044d\u043a\u0441\u043a\u0443\u0440\u0441\u0438\u0439 . \u0426\u0435\u043d\u044b 2023 \u2014 sharm excursions ru\"},{\"@type\":\"BreadcrumbList\",\"@id\":\"https:\\\/\\\/hurghadaexcursion.com\\\/pl\\\/wycieczki-fakultatywne-w-marsa-wycieczki-po-egipcie\\\/#breadcrumb\",\"itemListElement\":[{\"@type\":\"ListItem\",\"position\":1,\"name\":\"Home\",\"item\":\"https:\\\/\\\/hurghadaexcursion.com\\\/pl\\\/hurghada-excursions\\\/\"},{\"@type\":\"ListItem\",\"position\":2,\"name\":\"Wycieczki po Egipcie\"}]},{\"@type\":\"WebSite\",\"@id\":\"https:\\\/\\\/hurghadaexcursion.com\\\/pl\\\/#website\",\"url\":\"https:\\\/\\\/hurghadaexcursion.com\\\/pl\\\/\",\"name\":\"Hurghada Excursion\",\"description\":\"Best Travel Guide in Hurghada\",\"publisher\":{\"@id\":\"https:\\\/\\\/hurghadaexcursion.com\\\/pl\\\/#organization\"},\"potentialAction\":[{\"@type\":\"SearchAction\",\"target\":{\"@type\":\"EntryPoint\",\"urlTemplate\":\"https:\\\/\\\/hurghadaexcursion.com\\\/pl\\\/?s={search_term_string}\"},\"query-input\":{\"@type\":\"PropertyValueSpecification\",\"valueRequired\":true,\"valueName\":\"search_term_string\"}}],\"inLanguage\":\"pl-PL\"},{\"@type\":\"Organization\",\"@id\":\"https:\\\/\\\/hurghadaexcursion.com\\\/pl\\\/#organization\",\"name\":\"Hurghada Excursion\",\"url\":\"https:\\\/\\\/hurghadaexcursion.com\\\/pl\\\/\",\"logo\":{\"@type\":\"ImageObject\",\"inLanguage\":\"pl-PL\",\"@id\":\"https:\\\/\\\/hurghadaexcursion.com\\\/pl\\\/#\\\/schema\\\/logo\\\/image\\\/\",\"url\":\"https:\\\/\\\/hurghadaexcursion.com\\\/wp-content\\\/uploads\\\/2019\\\/05\\\/hueghada-excursion@2x-1.png\",\"contentUrl\":\"https:\\\/\\\/hurghadaexcursion.com\\\/wp-content\\\/uploads\\\/2019\\\/05\\\/hueghada-excursion@2x-1.png\",\"width\":380,\"height\":120,\"caption\":\"Hurghada Excursion\"},\"image\":{\"@id\":\"https:\\\/\\\/hurghadaexcursion.com\\\/pl\\\/#\\\/schema\\\/logo\\\/image\\\/\"},\"sameAs\":[\"https:\\\/\\\/www.facebook.com\\\/hurghadatrips.com.55\",\"https:\\\/\\\/x.com\\\/hurghadaexcurs1\",\"https:\\\/\\\/www.youtube.com\\\/channel\\\/UCpqEsBpgLc2qACQJWfJ_ggg\",\"https:\\\/\\\/hurghadaexcursion.com\\\/\"]}]}<\/script>\n<!-- \/ Yoast SEO plugin. -->","yoast_head_json":{"title":"Wycieczki po Egipcie | Hurghada Excursion","description":"Wycieczki po Egipcie","robots":{"index":"index","follow":"follow","max-snippet":"max-snippet:-1","max-image-preview":"max-image-preview:large","max-video-preview":"max-video-preview:-1"},"canonical":"\/pl\/https:\/\/hurghadaexcursion.com\/pl\/wycieczki-fakultatywne-w-marsa-wycieczki-po-egipcie\/\/","og_locale":"pl_PL","og_type":"article","og_title":"Wycieczki po Egipcie | Hurghada Excursion","og_description":"Wycieczki po Egipcie","og_url":"\/pl\/https:\/\/hurghadaexcursion.com\/pl\/wycieczki-fakultatywne-w-marsa-wycieczki-po-egipcie\/\/","og_site_name":"Hurghada Excursion","article_publisher":"https:\/\/www.facebook.com\/hurghadatrips.com.55","article_modified_time":"2024-12-01T13:39:52+00:00","og_image":[{"width":1920,"height":705,"url":"https:\/\/hurghadaexcursion.com\/wp-content\/uploads\/2022\/02\/banner-hurghada-tours.jpg","type":"image\/jpeg"}],"twitter_card":"summary_large_image","twitter_site":"@hurghadaexcurs1","twitter_misc":{"Szacowany czas czytania":"5 minut"},"schema":{"@context":"https:\/\/schema.org","@graph":[{"@type":"WebPage","@id":"https:\/\/hurghadaexcursion.com\/pl\/wycieczki-fakultatywne-w-marsa-wycieczki-po-egipcie\/","url":"https:\/\/hurghadaexcursion.com\/pl\/wycieczki-fakultatywne-w-marsa-wycieczki-po-egipcie\/","name":"Wycieczki po Egipcie | Hurghada Excursion","isPartOf":{"@id":"https:\/\/hurghadaexcursion.com\/pl\/#website"},"primaryImageOfPage":{"@id":"https:\/\/hurghadaexcursion.com\/pl\/wycieczki-fakultatywne-w-marsa-wycieczki-po-egipcie\/#primaryimage"},"image":{"@id":"https:\/\/hurghadaexcursion.com\/pl\/wycieczki-fakultatywne-w-marsa-wycieczki-po-egipcie\/#primaryimage"},"thumbnailUrl":"https:\/\/hurghadaexcursion.com\/wp-content\/uploads\/2022\/02\/banner-hurghada-tours.jpg","datePublished":"2019-02-18T06:42:46+00:00","dateModified":"2024-12-01T13:39:52+00:00","description":"Wycieczki po Egipcie","breadcrumb":{"@id":"https:\/\/hurghadaexcursion.com\/pl\/wycieczki-fakultatywne-w-marsa-wycieczki-po-egipcie\/#breadcrumb"},"inLanguage":"pl-PL","potentialAction":[{"@type":"ReadAction","target":["https:\/\/hurghadaexcursion.com\/pl\/wycieczki-fakultatywne-w-marsa-wycieczki-po-egipcie\/"]}]},{"@type":"ImageObject","inLanguage":"pl-PL","@id":"https:\/\/hurghadaexcursion.com\/pl\/wycieczki-fakultatywne-w-marsa-wycieczki-po-egipcie\/#primaryimage","url":"https:\/\/hurghadaexcursion.com\/wp-content\/uploads\/2022\/02\/banner-hurghada-tours.jpg","contentUrl":"https:\/\/hurghadaexcursion.com\/wp-content\/uploads\/2022\/02\/banner-hurghada-tours.jpg","width":1920,"height":705,"caption":"\u044d\u043a\u0441\u043a\u0443\u0440\u0441\u0438\u0438 \u0438\u0437 \u0448\u0430\u0440\u043c \u044d\u043b\u044c \u0448\u0435\u0439\u0445\u0430 \u0448\u0430\u0440\u043c \u044d\u043b\u044c \u0448\u0435\u0439\u0445 \u0441\u0442\u043e\u0438\u043c\u043e\u0441\u0442\u044c \u044d\u043a\u0441\u043a\u0443\u0440\u0441\u0438\u0439 . \u0426\u0435\u043d\u044b 2023 \u2014 sharm excursions ru"},{"@type":"BreadcrumbList","@id":"https:\/\/hurghadaexcursion.com\/pl\/wycieczki-fakultatywne-w-marsa-wycieczki-po-egipcie\/#breadcrumb","itemListElement":[{"@type":"ListItem","position":1,"name":"Home","item":"https:\/\/hurghadaexcursion.com\/pl\/hurghada-excursions\/"},{"@type":"ListItem","position":2,"name":"Wycieczki po Egipcie"}]},{"@type":"WebSite","@id":"https:\/\/hurghadaexcursion.com\/pl\/#website","url":"https:\/\/hurghadaexcursion.com\/pl\/","name":"Egipt wycieczki","description":"Najlepszy Przewodnik po Hurghadzie","publisher":{"@id":"https:\/\/hurghadaexcursion.com\/pl\/#organization"},"potentialAction":[{"@type":"SearchAction","target":{"@type":"EntryPoint","urlTemplate":"https:\/\/hurghadaexcursion.com\/pl\/?s={search_term_string}"},"query-input":{"@type":"PropertyValueSpecification","valueRequired":true,"valueName":"search_term_string"}}],"inLanguage":"pl-PL"},{"@type":"Organization","@id":"https:\/\/hurghadaexcursion.com\/pl\/#organization","name":"Egipt wycieczki","url":"https:\/\/hurghadaexcursion.com\/pl\/","logo":{"@type":"ImageObject","inLanguage":"pl-PL","@id":"https:\/\/hurghadaexcursion.com\/pl\/#\/schema\/logo\/image\/","url":"https:\/\/hurghadaexcursion.com\/wp-content\/uploads\/2019\/05\/hueghada-excursion@2x-1.png","contentUrl":"https:\/\/hurghadaexcursion.com\/wp-content\/uploads\/2019\/05\/hueghada-excursion@2x-1.png","width":380,"height":120,"caption":"Hurghada Excursion"},"image":{"@id":"https:\/\/hurghadaexcursion.com\/pl\/#\/schema\/logo\/image\/"},"sameAs":["https:\/\/www.facebook.com\/hurghadatrips.com.55","https:\/\/x.com\/hurghadaexcurs1","https:\/\/www.youtube.com\/channel\/UCpqEsBpgLc2qACQJWfJ_ggg","https:\/\/hurghadaexcursion.com\/"]}]}},"_links":{"self":[{"href":"https:\/\/hurghadaexcursion.com\/pl\/wp-json\/wp\/v2\/pages\/12571","targetHints":{"allow":["GET"]}}],"collection":[{"href":"https:\/\/hurghadaexcursion.com\/pl\/wp-json\/wp\/v2\/pages"}],"about":[{"href":"https:\/\/hurghadaexcursion.com\/pl\/wp-json\/wp\/v2\/types\/page"}],"author":[{"embeddable":true,"href":"https:\/\/hurghadaexcursion.com\/pl\/wp-json\/wp\/v2\/users\/7"}],"replies":[{"embeddable":true,"href":"https:\/\/hurghadaexcursion.com\/pl\/wp-json\/wp\/v2\/comments?post=12571"}],"version-history":[{"count":0,"href":"https:\/\/hurghadaexcursion.com\/pl\/wp-json\/wp\/v2\/pages\/12571\/revisions"}],"wp:featuredmedia":[{"embeddable":true,"href":"https:\/\/hurghadaexcursion.com\/pl\/wp-json\/wp\/v2\/media\/11553"}],"wp:attachment":[{"href":"https:\/\/hurghadaexcursion.com\/pl\/wp-json\/wp\/v2\/media?parent=12571"}],"curies":[{"name":"wp","href":"https:\/\/api.w.org\/{rel}","templated":true}]}}