{"id":12561,"date":"2018-12-10T03:06:47","date_gmt":"2018-12-10T03:06:47","guid":{"rendered":"https:\/\/hurghadaexcursion.com\/o-nas\/"},"modified":"2024-12-19T20:39:21","modified_gmt":"2024-12-19T20:39:21","slug":"about-us-2","status":"publish","type":"page","link":"https:\/\/hurghadaexcursion.com\/pl\/about-us-2\/","title":{"rendered":"o nas"},"content":{"rendered":"<p>[vc_row][vc_column][vc_empty_space height=&#8221;60px&#8221;][\/vc_column][vc_column][vc_column_text]<\/p>\n<h3 style=\"text-align: center;\">Witamy na wycieczce do Hurghady<\/h3>\n<p>[\/vc_column_text][vc_column_text]<\/p>\n<p style=\"text-align: center;\">Jeste\u015bmy w podr\u00f3\u017cy, kt\u00f3ra ma na celu przekszta\u0142cenie zwyk\u0142ych podr\u00f3\u017cy w niezwyk\u0142e. Jeste\u015bmy Twoim przewodnikiem, dostarczaj\u0105cym Ci osobistych do\u015bwiadcze\u0144. Niezale\u017cnie od tego, dok\u0105d zaprowadzi Ci\u0119 Twoja podr\u00f3\u017c, poka\u017cemy Ci wyj\u0105tkowe i niezapomniane rzeczy, kt\u00f3re warto zrobi\u0107 w danym miejscu. Z Hurghada Excursion po Twojej stronie, tworzenie niezapomnianych chwil nigdy nie by\u0142o \u0142atwiejsze. Miliony os\u00f3b skorzysta\u0142y z us\u0142ug Hurghada Excursion, aby zrealizowa\u0107 swoje marzenia o podr\u00f3\u017cach. A my dopiero zaczynamy. Zmieniamy spos\u00f3b, w jaki ludzie \u0142\u0105cz\u0105 si\u0119 z miejscami, kt\u00f3re odwiedzaj\u0105, aby ka\u017cdy m\u00f3g\u0142 stworzy\u0107 swoje wymarzone wakacje.<\/p>\n<p>[\/vc_column_text][\/vc_column][\/vc_row][vc_row][vc_column][vc_empty_space height=&#8221;60px&#8221;][\/vc_column][\/vc_row][vc_row][vc_column width=&#8221;1\/2&#8243;][vc_single_image image=&#8221;11088&#8243; img_size=&#8221;full&#8221; alignment=&#8221;center&#8221; css_animation=&#8221;none&#8221;][vc_column_text el_class=&#8221;st-aboutus-title&#8221;]<\/p>\n<h3 style=\"text-align: center;\">Nasza wizja<\/h3>\n<p>[\/vc_column_text][vc_column_text el_class=&#8221;st-aboutus-content&#8221;]<\/p>\n<p style=\"text-align: center;\">By\u0107 niezast\u0105pionym dla naszych klient\u00f3w, oferuj\u0105c najwy\u017cszej jako\u015bci wycieczki w najbardziej przyst\u0119pnych cenach i b\u0119d\u0105c liderem w bran\u017cy turystycznej, koncentruj\u0105c si\u0119 na zadowoleniu klient\u00f3w, naszych ludzi, naszej spo\u0142eczno\u015bci, rozwoju, innowacjach, technologii, wydajno\u015bci i efektywno\u015bci.<\/p>\n<p>[\/vc_column_text][vc_empty_space height=&#8221;30px&#8221;][\/vc_column][vc_column width=&#8221;1\/2&#8243;][vc_single_image image=&#8221;11083&#8243; img_size=&#8221;full&#8221; alignment=&#8221;center&#8221;][vc_column_text el_class=&#8221;st-aboutus-title&#8221;]<\/p>\n<h3 style=\"text-align: center;\">Nasza misja<\/h3>\n<p>[\/vc_column_text][vc_column_text el_class=&#8221;st-aboutus-content&#8221;]<\/p>\n<p style=\"text-align: center;\">Zapewniamy naszym klientom najlepsz\u0105 obs\u0142ug\u0119 i koncentrujemy si\u0119 na budowaniu d\u0142ugotrwa\u0142ej wsp\u00f3\u0142pracy z klientami. B\u0119dziemy rozszerza\u0107 nasze kontakty z hotelami, organizatorami wycieczek i agentami przewo\u017anik\u00f3w, aby przede wszystkim szanowa\u0107 interesy naszych go\u015bci i zapewni\u0107 im jak najlepsze wakacje.<\/p>\n<p>[\/vc_column_text][vc_empty_space height=&#8221;30px&#8221;][\/vc_column][\/vc_row][vc_row][vc_column css=&#8221;.vc_custom_1645283597441{background-position: center !important;background-repeat: no-repeat !important;background-size: cover !important;}&#8221;][vc_empty_space][vc_column_text]<\/p>\n<h3 style=\"text-align: center;\">Dlaczego warto zarezerwowa\u0107 wycieczk\u0119 z Hurghady<\/h3>\n<p>[\/vc_column_text][vc_empty_space height=&#8221;20px&#8221;][st_about_us_statistic list_statistic=&#8221;%5B%7B%22sub_text%22%3A%22Ultimate%20flexibility%22%2C%22desc%22%3A%22You%E2%80%99re%20in%20control%2C%20with%20free%20cancellation%20and%20payment%20options%20to%20satisfy%20any%20plan.%5Cn%5Cn%5Cn%22%7D%2C%7B%22sub_text%22%3A%22Memorable%20experiences%22%2C%22desc%22%3A%22Browse%20and%20book%20tours%20and%20activities%20so%20incredible%2C%20you%E2%80%99ll%20want%20to%20tell%20your%20friends.%22%7D%2C%7B%22sub_text%22%3A%22Quality%20at%20our%20core%22%2C%22desc%22%3A%22High%20quality%20standards.%20Millions%20of%20reviews.%20A%20hurghada%20excursion%20company.%22%7D%2C%7B%22sub_text%22%3A%22Award-winning%20support%22%2C%22desc%22%3A%22New%20price%3F%20New%20plan%3F%20No%20problem.%20We%E2%80%99re%20here%20to%20help%2C%2024%2F7.%22%7D%5D&#8221; undefined=&#8221;&#8221;][vc_empty_space height=&#8221;65px&#8221;][\/vc_column][\/vc_row][vc_row full_width=&#8221;stretch_row_content_no_spaces&#8221; row_fullwidth=&#8221;yes&#8221;][vc_column css=&#8221;.vc_custom_1543386510262{padding-right: 0px !important;padding-left: 0px !important;}&#8221;][st_about_us_gallery_new images=&#8221;10214,10215,10216,10217,10218&#8243; title=&#8221;Poznaj nasze miejsca docelowe&#8221; link=&#8221;url:https%3A%2F%2Fhurghadaexcursion.com%2Fsidebar-search-layout-tour%2F|title:view&#8221;][\/vc_column][\/vc_row]<\/p>\n","protected":false},"excerpt":{"rendered":"[vc_row][vc_column][vc_empty_space height=&#8221;60px&#8221;][\/vc_column][vc_column][vc_column_text] Witamy na wycieczce do Hurghady [\/vc_column_text][vc_column_text] Jeste\u015bmy w...","protected":false},"author":7,"featured_media":11213,"parent":0,"menu_order":0,"comment_status":"closed","ping_status":"closed","template":"elementor_header_footer","meta":{"footnotes":""},"class_list":["post-12561","page","type-page","status-publish","has-post-thumbnail","hentry"],"yoast_head":"<!-- This site is optimized with the Yoast SEO plugin v27.4 - https:\/\/yoast.com\/product\/yoast-seo-wordpress\/ -->\n<title>o nas | Hurghada Excursion<\/title>\n<meta name=\"robots\" content=\"index, follow, max-snippet:-1, max-image-preview:large, max-video-preview:-1\" \/>\n<link rel=\"canonical\" href=\"\/pl\/https:\/\/hurghadaexcursion.com\/pl\/about-us-2\/\/\" \/>\n<meta property=\"og:locale\" content=\"pl_PL\" \/>\n<meta property=\"og:type\" content=\"article\" \/>\n<meta property=\"og:title\" content=\"o nas | Hurghada Excursion\" \/>\n<meta property=\"og:description\" content=\"[vc_row][vc_column][vc_empty_space height=&#8221;60px&#8221;][\/vc_column][vc_column][vc_column_text] Witamy na wycieczce do Hurghady [\/vc_column_text][vc_column_text] Jeste\u015bmy w podr\u00f3\u017cy, kt\u00f3ra ma na celu przekszta\u0142cenie zwyk\u0142ych podr\u00f3\u017cy w niezwyk\u0142e. Jeste\u015bmy Twoim przewodnikiem, dostarczaj\u0105cym Ci osobistych do\u015bwiadcze\u0144. Niezale\u017cnie od tego, dok\u0105d zaprowadzi Ci\u0119 Twoja podr\u00f3\u017c, poka\u017cemy Ci wyj\u0105tkowe i niezapomniane rzeczy, kt\u00f3re warto zrobi\u0107 w danym miejscu. Z Hurghada Excursion po Twojej stronie, tworzenie niezapomnianych [&hellip;]\" \/>\n<meta property=\"og:url\" content=\"\/pl\/https:\/\/hurghadaexcursion.com\/pl\/about-us-2\/\/\" \/>\n<meta property=\"og:site_name\" content=\"Hurghada Excursion\" \/>\n<meta property=\"article:publisher\" content=\"https:\/\/www.facebook.com\/hurghadatrips.com.55\" \/>\n<meta property=\"article:modified_time\" content=\"2024-12-19T20:39:21+00:00\" \/>\n<meta property=\"og:image\" content=\"https:\/\/hurghadaexcursion.com\/wp-content\/uploads\/2022\/02\/banner-info.jpg\" \/>\n\t<meta property=\"og:image:width\" content=\"1900\" \/>\n\t<meta property=\"og:image:height\" content=\"296\" \/>\n\t<meta property=\"og:image:type\" content=\"image\/jpeg\" \/>\n<meta name=\"twitter:card\" content=\"summary_large_image\" \/>\n<meta name=\"twitter:site\" content=\"@hurghadaexcurs1\" \/>\n<meta name=\"twitter:label1\" content=\"Szacowany czas czytania\" \/>\n\t<meta name=\"twitter:data1\" content=\"3 minuty\" \/>\n<script type=\"application\/ld+json\" class=\"yoast-schema-graph\">{\"@context\":\"https:\\\/\\\/schema.org\",\"@graph\":[{\"@type\":\"WebPage\",\"@id\":\"https:\\\/\\\/hurghadaexcursion.com\\\/pl\\\/about-us-2\\\/\",\"url\":\"https:\\\/\\\/hurghadaexcursion.com\\\/pl\\\/about-us-2\\\/\",\"name\":\"o nas | Hurghada Excursion\",\"isPartOf\":{\"@id\":\"https:\\\/\\\/hurghadaexcursion.com\\\/pl\\\/#website\"},\"primaryImageOfPage\":{\"@id\":\"https:\\\/\\\/hurghadaexcursion.com\\\/pl\\\/about-us-2\\\/#primaryimage\"},\"image\":{\"@id\":\"https:\\\/\\\/hurghadaexcursion.com\\\/pl\\\/about-us-2\\\/#primaryimage\"},\"thumbnailUrl\":\"https:\\\/\\\/hurghadaexcursion.com\\\/wp-content\\\/uploads\\\/2022\\\/02\\\/banner-info.jpg\",\"datePublished\":\"2018-12-10T03:06:47+00:00\",\"dateModified\":\"2024-12-19T20:39:21+00:00\",\"breadcrumb\":{\"@id\":\"https:\\\/\\\/hurghadaexcursion.com\\\/pl\\\/about-us-2\\\/#breadcrumb\"},\"inLanguage\":\"pl-PL\",\"potentialAction\":[{\"@type\":\"ReadAction\",\"target\":[\"https:\\\/\\\/hurghadaexcursion.com\\\/pl\\\/about-us-2\\\/\"]}]},{\"@type\":\"ImageObject\",\"inLanguage\":\"pl-PL\",\"@id\":\"https:\\\/\\\/hurghadaexcursion.com\\\/pl\\\/about-us-2\\\/#primaryimage\",\"url\":\"https:\\\/\\\/hurghadaexcursion.com\\\/wp-content\\\/uploads\\\/2022\\\/02\\\/banner-info.jpg\",\"contentUrl\":\"https:\\\/\\\/hurghadaexcursion.com\\\/wp-content\\\/uploads\\\/2022\\\/02\\\/banner-info.jpg\",\"width\":1900,\"height\":296},{\"@type\":\"BreadcrumbList\",\"@id\":\"https:\\\/\\\/hurghadaexcursion.com\\\/pl\\\/about-us-2\\\/#breadcrumb\",\"itemListElement\":[{\"@type\":\"ListItem\",\"position\":1,\"name\":\"Home\",\"item\":\"https:\\\/\\\/hurghadaexcursion.com\\\/pl\\\/\"},{\"@type\":\"ListItem\",\"position\":2,\"name\":\"o nas\"}]},{\"@type\":\"WebSite\",\"@id\":\"https:\\\/\\\/hurghadaexcursion.com\\\/pl\\\/#website\",\"url\":\"https:\\\/\\\/hurghadaexcursion.com\\\/pl\\\/\",\"name\":\"Hurghada Excursion\",\"description\":\"Best Travel Guide in Hurghada\",\"publisher\":{\"@id\":\"https:\\\/\\\/hurghadaexcursion.com\\\/pl\\\/#organization\"},\"potentialAction\":[{\"@type\":\"SearchAction\",\"target\":{\"@type\":\"EntryPoint\",\"urlTemplate\":\"https:\\\/\\\/hurghadaexcursion.com\\\/pl\\\/?s={search_term_string}\"},\"query-input\":{\"@type\":\"PropertyValueSpecification\",\"valueRequired\":true,\"valueName\":\"search_term_string\"}}],\"inLanguage\":\"pl-PL\"},{\"@type\":\"Organization\",\"@id\":\"https:\\\/\\\/hurghadaexcursion.com\\\/pl\\\/#organization\",\"name\":\"Hurghada Excursion\",\"url\":\"https:\\\/\\\/hurghadaexcursion.com\\\/pl\\\/\",\"logo\":{\"@type\":\"ImageObject\",\"inLanguage\":\"pl-PL\",\"@id\":\"https:\\\/\\\/hurghadaexcursion.com\\\/pl\\\/#\\\/schema\\\/logo\\\/image\\\/\",\"url\":\"https:\\\/\\\/hurghadaexcursion.com\\\/wp-content\\\/uploads\\\/2019\\\/05\\\/hueghada-excursion@2x-1.png\",\"contentUrl\":\"https:\\\/\\\/hurghadaexcursion.com\\\/wp-content\\\/uploads\\\/2019\\\/05\\\/hueghada-excursion@2x-1.png\",\"width\":380,\"height\":120,\"caption\":\"Hurghada Excursion\"},\"image\":{\"@id\":\"https:\\\/\\\/hurghadaexcursion.com\\\/pl\\\/#\\\/schema\\\/logo\\\/image\\\/\"},\"sameAs\":[\"https:\\\/\\\/www.facebook.com\\\/hurghadatrips.com.55\",\"https:\\\/\\\/x.com\\\/hurghadaexcurs1\",\"https:\\\/\\\/www.youtube.com\\\/channel\\\/UCpqEsBpgLc2qACQJWfJ_ggg\",\"https:\\\/\\\/hurghadaexcursion.com\\\/\"]}]}<\/script>\n<!-- \/ Yoast SEO plugin. -->","yoast_head_json":{"title":"o nas | Hurghada Excursion","robots":{"index":"index","follow":"follow","max-snippet":"max-snippet:-1","max-image-preview":"max-image-preview:large","max-video-preview":"max-video-preview:-1"},"canonical":"\/pl\/https:\/\/hurghadaexcursion.com\/pl\/about-us-2\/\/","og_locale":"pl_PL","og_type":"article","og_title":"o nas | Hurghada Excursion","og_description":"[vc_row][vc_column][vc_empty_space height=&#8221;60px&#8221;][\/vc_column][vc_column][vc_column_text] Witamy na wycieczce do Hurghady [\/vc_column_text][vc_column_text] Jeste\u015bmy w podr\u00f3\u017cy, kt\u00f3ra ma na celu przekszta\u0142cenie zwyk\u0142ych podr\u00f3\u017cy w niezwyk\u0142e. Jeste\u015bmy Twoim przewodnikiem, dostarczaj\u0105cym Ci osobistych do\u015bwiadcze\u0144. Niezale\u017cnie od tego, dok\u0105d zaprowadzi Ci\u0119 Twoja podr\u00f3\u017c, poka\u017cemy Ci wyj\u0105tkowe i niezapomniane rzeczy, kt\u00f3re warto zrobi\u0107 w danym miejscu. Z Hurghada Excursion po Twojej stronie, tworzenie niezapomnianych [&hellip;]","og_url":"\/pl\/https:\/\/hurghadaexcursion.com\/pl\/about-us-2\/\/","og_site_name":"Hurghada Excursion","article_publisher":"https:\/\/www.facebook.com\/hurghadatrips.com.55","article_modified_time":"2024-12-19T20:39:21+00:00","og_image":[{"width":1900,"height":296,"url":"https:\/\/hurghadaexcursion.com\/wp-content\/uploads\/2022\/02\/banner-info.jpg","type":"image\/jpeg"}],"twitter_card":"summary_large_image","twitter_site":"@hurghadaexcurs1","twitter_misc":{"Szacowany czas czytania":"3 minuty"},"schema":{"@context":"https:\/\/schema.org","@graph":[{"@type":"WebPage","@id":"https:\/\/hurghadaexcursion.com\/pl\/about-us-2\/","url":"https:\/\/hurghadaexcursion.com\/pl\/about-us-2\/","name":"o nas | Hurghada Excursion","isPartOf":{"@id":"https:\/\/hurghadaexcursion.com\/pl\/#website"},"primaryImageOfPage":{"@id":"https:\/\/hurghadaexcursion.com\/pl\/about-us-2\/#primaryimage"},"image":{"@id":"https:\/\/hurghadaexcursion.com\/pl\/about-us-2\/#primaryimage"},"thumbnailUrl":"https:\/\/hurghadaexcursion.com\/wp-content\/uploads\/2022\/02\/banner-info.jpg","datePublished":"2018-12-10T03:06:47+00:00","dateModified":"2024-12-19T20:39:21+00:00","breadcrumb":{"@id":"https:\/\/hurghadaexcursion.com\/pl\/about-us-2\/#breadcrumb"},"inLanguage":"pl-PL","potentialAction":[{"@type":"ReadAction","target":["https:\/\/hurghadaexcursion.com\/pl\/about-us-2\/"]}]},{"@type":"ImageObject","inLanguage":"pl-PL","@id":"https:\/\/hurghadaexcursion.com\/pl\/about-us-2\/#primaryimage","url":"https:\/\/hurghadaexcursion.com\/wp-content\/uploads\/2022\/02\/banner-info.jpg","contentUrl":"https:\/\/hurghadaexcursion.com\/wp-content\/uploads\/2022\/02\/banner-info.jpg","width":1900,"height":296},{"@type":"BreadcrumbList","@id":"https:\/\/hurghadaexcursion.com\/pl\/about-us-2\/#breadcrumb","itemListElement":[{"@type":"ListItem","position":1,"name":"Home","item":"https:\/\/hurghadaexcursion.com\/pl\/"},{"@type":"ListItem","position":2,"name":"o nas"}]},{"@type":"WebSite","@id":"https:\/\/hurghadaexcursion.com\/pl\/#website","url":"https:\/\/hurghadaexcursion.com\/pl\/","name":"Egipt wycieczki","description":"Najlepszy Przewodnik po Hurghadzie","publisher":{"@id":"https:\/\/hurghadaexcursion.com\/pl\/#organization"},"potentialAction":[{"@type":"SearchAction","target":{"@type":"EntryPoint","urlTemplate":"https:\/\/hurghadaexcursion.com\/pl\/?s={search_term_string}"},"query-input":{"@type":"PropertyValueSpecification","valueRequired":true,"valueName":"search_term_string"}}],"inLanguage":"pl-PL"},{"@type":"Organization","@id":"https:\/\/hurghadaexcursion.com\/pl\/#organization","name":"Egipt wycieczki","url":"https:\/\/hurghadaexcursion.com\/pl\/","logo":{"@type":"ImageObject","inLanguage":"pl-PL","@id":"https:\/\/hurghadaexcursion.com\/pl\/#\/schema\/logo\/image\/","url":"https:\/\/hurghadaexcursion.com\/wp-content\/uploads\/2019\/05\/hueghada-excursion@2x-1.png","contentUrl":"https:\/\/hurghadaexcursion.com\/wp-content\/uploads\/2019\/05\/hueghada-excursion@2x-1.png","width":380,"height":120,"caption":"Hurghada Excursion"},"image":{"@id":"https:\/\/hurghadaexcursion.com\/pl\/#\/schema\/logo\/image\/"},"sameAs":["https:\/\/www.facebook.com\/hurghadatrips.com.55","https:\/\/x.com\/hurghadaexcurs1","https:\/\/www.youtube.com\/channel\/UCpqEsBpgLc2qACQJWfJ_ggg","https:\/\/hurghadaexcursion.com\/"]}]}},"_links":{"self":[{"href":"https:\/\/hurghadaexcursion.com\/pl\/wp-json\/wp\/v2\/pages\/12561","targetHints":{"allow":["GET"]}}],"collection":[{"href":"https:\/\/hurghadaexcursion.com\/pl\/wp-json\/wp\/v2\/pages"}],"about":[{"href":"https:\/\/hurghadaexcursion.com\/pl\/wp-json\/wp\/v2\/types\/page"}],"author":[{"embeddable":true,"href":"https:\/\/hurghadaexcursion.com\/pl\/wp-json\/wp\/v2\/users\/7"}],"replies":[{"embeddable":true,"href":"https:\/\/hurghadaexcursion.com\/pl\/wp-json\/wp\/v2\/comments?post=12561"}],"version-history":[{"count":0,"href":"https:\/\/hurghadaexcursion.com\/pl\/wp-json\/wp\/v2\/pages\/12561\/revisions"}],"wp:featuredmedia":[{"embeddable":true,"href":"https:\/\/hurghadaexcursion.com\/pl\/wp-json\/wp\/v2\/media\/11213"}],"wp:attachment":[{"href":"https:\/\/hurghadaexcursion.com\/pl\/wp-json\/wp\/v2\/media?parent=12561"}],"curies":[{"name":"wp","href":"https:\/\/api.w.org\/{rel}","templated":true}]}}