{"id":9659,"date":"2020-06-10T09:08:24","date_gmt":"2020-06-10T09:08:24","guid":{"rendered":"http:\/\/shinetheme.com\/travelerdata\/mixmap\/?page_id=9659"},"modified":"2020-06-10T09:08:25","modified_gmt":"2020-06-10T09:08:25","slug":"travel-payout","status":"publish","type":"page","link":"https:\/\/hurghadaexcursion.com\/hu\/travel-payout\/","title":{"rendered":"Travel Payout"},"content":{"rendered":"","protected":false},"excerpt":{"rendered":"","protected":false},"author":7,"featured_media":9154,"parent":0,"menu_order":0,"comment_status":"closed","ping_status":"closed","template":"template-tp-flights-search-modern.php","meta":{"footnotes":""},"class_list":["post-9659","page","type-page","status-publish","has-post-thumbnail","hentry"],"yoast_head":"<!-- This site is optimized with the Yoast SEO plugin v27.3 - https:\/\/yoast.com\/product\/yoast-seo-wordpress\/ -->\n<title>Travel Payout | Hurghada Excursion<\/title>\n<meta name=\"robots\" content=\"index, follow, max-snippet:-1, max-image-preview:large, max-video-preview:-1\" \/>\n<link rel=\"canonical\" href=\"\/hu\/https:\/\/hurghadaexcursion.com\/hu\/travel-payout\/\/\" \/>\n<meta property=\"og:locale\" content=\"en_US\" \/>\n<meta property=\"og:type\" content=\"article\" \/>\n<meta property=\"og:title\" content=\"Travel Payout | Hurghada Excursion\" \/>\n<meta property=\"og:url\" content=\"\/hu\/https:\/\/hurghadaexcursion.com\/hu\/travel-payout\/\/\" \/>\n<meta property=\"og:site_name\" content=\"Hurghada Excursion\" \/>\n<meta property=\"article:publisher\" content=\"https:\/\/www.facebook.com\/hurghadatrips.com.55\" \/>\n<meta property=\"article:modified_time\" content=\"2020-06-10T09:08:25+00:00\" \/>\n<meta name=\"twitter:card\" content=\"summary_large_image\" \/>\n<meta name=\"twitter:site\" content=\"@hurghadaexcurs1\" \/>\n<script type=\"application\/ld+json\" class=\"yoast-schema-graph\">{\"@context\":\"https:\\\/\\\/schema.org\",\"@graph\":[{\"@type\":\"WebPage\",\"@id\":\"https:\\\/\\\/hurghadaexcursion.com\\\/hu\\\/travel-payout\\\/\",\"url\":\"https:\\\/\\\/hurghadaexcursion.com\\\/hu\\\/travel-payout\\\/\",\"name\":\"Travel Payout | Hurghada Excursion\",\"isPartOf\":{\"@id\":\"https:\\\/\\\/hurghadaexcursion.com\\\/#website\"},\"primaryImageOfPage\":{\"@id\":\"https:\\\/\\\/hurghadaexcursion.com\\\/hu\\\/travel-payout\\\/#primaryimage\"},\"image\":{\"@id\":\"https:\\\/\\\/hurghadaexcursion.com\\\/hu\\\/travel-payout\\\/#primaryimage\"},\"thumbnailUrl\":\"https:\\\/\\\/placehold.co\\\/600x400\",\"datePublished\":\"2020-06-10T09:08:24+00:00\",\"dateModified\":\"2020-06-10T09:08:25+00:00\",\"breadcrumb\":{\"@id\":\"https:\\\/\\\/hurghadaexcursion.com\\\/hu\\\/travel-payout\\\/#breadcrumb\"},\"inLanguage\":\"en-US\",\"potentialAction\":[{\"@type\":\"ReadAction\",\"target\":[\"https:\\\/\\\/hurghadaexcursion.com\\\/hu\\\/travel-payout\\\/\"]}]},{\"@type\":\"ImageObject\",\"inLanguage\":\"en-US\",\"@id\":\"https:\\\/\\\/hurghadaexcursion.com\\\/hu\\\/travel-payout\\\/#primaryimage\",\"url\":\"https:\\\/\\\/placehold.co\\\/600x400\",\"contentUrl\":\"https:\\\/\\\/placehold.co\\\/600x400\"},{\"@type\":\"BreadcrumbList\",\"@id\":\"https:\\\/\\\/hurghadaexcursion.com\\\/hu\\\/travel-payout\\\/#breadcrumb\",\"itemListElement\":[{\"@type\":\"ListItem\",\"position\":1,\"name\":\"Home\",\"item\":\"https:\\\/\\\/hurghadaexcursion.com\\\/\"},{\"@type\":\"ListItem\",\"position\":2,\"name\":\"Travel Payout\"}]},{\"@type\":\"WebSite\",\"@id\":\"https:\\\/\\\/hurghadaexcursion.com\\\/#website\",\"url\":\"https:\\\/\\\/hurghadaexcursion.com\\\/\",\"name\":\"Hurghada Excursion\",\"description\":\"Best Travel Guide in Hurghada\",\"publisher\":{\"@id\":\"https:\\\/\\\/hurghadaexcursion.com\\\/#organization\"},\"potentialAction\":[{\"@type\":\"SearchAction\",\"target\":{\"@type\":\"EntryPoint\",\"urlTemplate\":\"https:\\\/\\\/hurghadaexcursion.com\\\/?s={search_term_string}\"},\"query-input\":{\"@type\":\"PropertyValueSpecification\",\"valueRequired\":true,\"valueName\":\"search_term_string\"}}],\"inLanguage\":\"en-US\"},{\"@type\":\"Organization\",\"@id\":\"https:\\\/\\\/hurghadaexcursion.com\\\/#organization\",\"name\":\"Hurghada Excursion\",\"url\":\"https:\\\/\\\/hurghadaexcursion.com\\\/\",\"logo\":{\"@type\":\"ImageObject\",\"inLanguage\":\"en-US\",\"@id\":\"https:\\\/\\\/hurghadaexcursion.com\\\/#\\\/schema\\\/logo\\\/image\\\/\",\"url\":\"https:\\\/\\\/hurghadaexcursion.com\\\/wp-content\\\/uploads\\\/2019\\\/05\\\/hueghada-excursion@2x-1.png\",\"contentUrl\":\"https:\\\/\\\/hurghadaexcursion.com\\\/wp-content\\\/uploads\\\/2019\\\/05\\\/hueghada-excursion@2x-1.png\",\"width\":380,\"height\":120,\"caption\":\"Hurghada Excursion\"},\"image\":{\"@id\":\"https:\\\/\\\/hurghadaexcursion.com\\\/#\\\/schema\\\/logo\\\/image\\\/\"},\"sameAs\":[\"https:\\\/\\\/www.facebook.com\\\/hurghadatrips.com.55\",\"https:\\\/\\\/x.com\\\/hurghadaexcurs1\",\"https:\\\/\\\/www.youtube.com\\\/channel\\\/UCpqEsBpgLc2qACQJWfJ_ggg\",\"https:\\\/\\\/hurghadaexcursion.com\\\/\"]}]}<\/script>\n<!-- \/ Yoast SEO plugin. -->","yoast_head_json":{"title":"Travel Payout | Hurghada Excursion","robots":{"index":"index","follow":"follow","max-snippet":"max-snippet:-1","max-image-preview":"max-image-preview:large","max-video-preview":"max-video-preview:-1"},"canonical":"\/hu\/https:\/\/hurghadaexcursion.com\/hu\/travel-payout\/\/","og_locale":"en_US","og_type":"article","og_title":"Travel Payout | Hurghada Excursion","og_url":"\/hu\/https:\/\/hurghadaexcursion.com\/hu\/travel-payout\/\/","og_site_name":"Hurghada Excursion","article_publisher":"https:\/\/www.facebook.com\/hurghadatrips.com.55","article_modified_time":"2020-06-10T09:08:25+00:00","twitter_card":"summary_large_image","twitter_site":"@hurghadaexcurs1","schema":{"@context":"https:\/\/schema.org","@graph":[{"@type":"WebPage","@id":"https:\/\/hurghadaexcursion.com\/hu\/travel-payout\/","url":"https:\/\/hurghadaexcursion.com\/hu\/travel-payout\/","name":"Travel Payout | Hurghada Excursion","isPartOf":{"@id":"https:\/\/hurghadaexcursion.com\/#website"},"primaryImageOfPage":{"@id":"https:\/\/hurghadaexcursion.com\/hu\/travel-payout\/#primaryimage"},"image":{"@id":"https:\/\/hurghadaexcursion.com\/hu\/travel-payout\/#primaryimage"},"thumbnailUrl":"https:\/\/placehold.co\/600x400","datePublished":"2020-06-10T09:08:24+00:00","dateModified":"2020-06-10T09:08:25+00:00","breadcrumb":{"@id":"https:\/\/hurghadaexcursion.com\/hu\/travel-payout\/#breadcrumb"},"inLanguage":"en-US","potentialAction":[{"@type":"ReadAction","target":["https:\/\/hurghadaexcursion.com\/hu\/travel-payout\/"]}]},{"@type":"ImageObject","inLanguage":"en-US","@id":"https:\/\/hurghadaexcursion.com\/hu\/travel-payout\/#primaryimage","url":"https:\/\/placehold.co\/600x400","contentUrl":"https:\/\/placehold.co\/600x400"},{"@type":"BreadcrumbList","@id":"https:\/\/hurghadaexcursion.com\/hu\/travel-payout\/#breadcrumb","itemListElement":[{"@type":"ListItem","position":1,"name":"Home","item":"https:\/\/hurghadaexcursion.com\/"},{"@type":"ListItem","position":2,"name":"Travel Payout"}]},{"@type":"WebSite","@id":"https:\/\/hurghadaexcursion.com\/#website","url":"https:\/\/hurghadaexcursion.com\/","name":"Hurghada Kir\u00e1ndul\u00e1s","description":"A legjobb \u00fatikalauz a Hurghada","publisher":{"@id":"https:\/\/hurghadaexcursion.com\/#organization"},"potentialAction":[{"@type":"SearchAction","target":{"@type":"EntryPoint","urlTemplate":"https:\/\/hurghadaexcursion.com\/?s={search_term_string}"},"query-input":{"@type":"PropertyValueSpecification","valueRequired":true,"valueName":"search_term_string"}}],"inLanguage":"en-US"},{"@type":"Organization","@id":"https:\/\/hurghadaexcursion.com\/#organization","name":"Hurghada Kir\u00e1ndul\u00e1s","url":"https:\/\/hurghadaexcursion.com\/","logo":{"@type":"ImageObject","inLanguage":"en-US","@id":"https:\/\/hurghadaexcursion.com\/#\/schema\/logo\/image\/","url":"https:\/\/hurghadaexcursion.com\/wp-content\/uploads\/2019\/05\/hueghada-excursion@2x-1.png","contentUrl":"https:\/\/hurghadaexcursion.com\/wp-content\/uploads\/2019\/05\/hueghada-excursion@2x-1.png","width":380,"height":120,"caption":"Hurghada Excursion"},"image":{"@id":"https:\/\/hurghadaexcursion.com\/#\/schema\/logo\/image\/"},"sameAs":["https:\/\/www.facebook.com\/hurghadatrips.com.55","https:\/\/x.com\/hurghadaexcurs1","https:\/\/www.youtube.com\/channel\/UCpqEsBpgLc2qACQJWfJ_ggg","https:\/\/hurghadaexcursion.com\/"]}]}},"_links":{"self":[{"href":"https:\/\/hurghadaexcursion.com\/hu\/wp-json\/wp\/v2\/pages\/9659","targetHints":{"allow":["GET"]}}],"collection":[{"href":"https:\/\/hurghadaexcursion.com\/hu\/wp-json\/wp\/v2\/pages"}],"about":[{"href":"https:\/\/hurghadaexcursion.com\/hu\/wp-json\/wp\/v2\/types\/page"}],"author":[{"embeddable":true,"href":"https:\/\/hurghadaexcursion.com\/hu\/wp-json\/wp\/v2\/users\/7"}],"replies":[{"embeddable":true,"href":"https:\/\/hurghadaexcursion.com\/hu\/wp-json\/wp\/v2\/comments?post=9659"}],"version-history":[{"count":0,"href":"https:\/\/hurghadaexcursion.com\/hu\/wp-json\/wp\/v2\/pages\/9659\/revisions"}],"wp:featuredmedia":[{"embeddable":true,"href":"https:\/\/hurghadaexcursion.com\/hu\/wp-json\/"}],"wp:attachment":[{"href":"https:\/\/hurghadaexcursion.com\/hu\/wp-json\/wp\/v2\/media?parent=9659"}],"curies":[{"name":"wp","href":"https:\/\/api.w.org\/{rel}","templated":true}]}}