{"id":54145,"date":"2026-02-01T14:20:38","date_gmt":"2026-02-01T14:20:38","guid":{"rendered":"https:\/\/hurghadaexcursion.com\/produit\/2-day-trip-to-cairo-from-hurghada-explore-egypts-timeless-wonders\/"},"modified":"2026-02-01T14:20:38","modified_gmt":"2026-02-01T14:20:38","slug":"2-day-trip-to-cairo-from-hurghada-explore-egypts-timeless-wonders","status":"publish","type":"product","link":"https:\/\/hurghadaexcursion.com\/fr\/produit\/2-day-trip-to-cairo-from-hurghada-explore-egypts-timeless-wonders\/","title":{"rendered":"Hurghada \u00e0 Le Caire sur 2 jours : Pyramides &amp; Mus\u00e9e \u00c9gyptien"},"content":{"rendered":"","protected":false},"excerpt":{"rendered":"","protected":false},"featured_media":0,"comment_status":"closed","ping_status":"closed","template":"","meta":[],"product_brand":[],"product_cat":[],"product_tag":[],"class_list":{"0":"post-54145","1":"product","2":"type-product","3":"status-publish","4":"has-post-thumbnail","7":"first","8":"instock","9":"sold-individually","10":"shipping-taxable","11":"purchasable","12":"product-type-variable"},"yoast_head":"<!-- This site is optimized with the Yoast SEO plugin v27.4 - https:\/\/yoast.com\/product\/yoast-seo-wordpress\/ -->\n<title>2 Day Trip to Cairo from Hurghada \u2013 Explore Egypt\u2019s Timeless Wonders | Hurghada Excursion<\/title>\n<meta name=\"robots\" content=\"index, follow, max-snippet:-1, max-image-preview:large, max-video-preview:-1\" \/>\n<link rel=\"canonical\" href=\"\/fr\/https:\/\/hurghadaexcursion.com\/fr\/produit\/2-day-trip-to-cairo-from-hurghada-explore-egypts-timeless-wonders\/\/\" \/>\n<meta property=\"og:locale\" content=\"fr_FR\" \/>\n<meta property=\"og:type\" content=\"article\" \/>\n<meta property=\"og:title\" content=\"2 Day Trip to Cairo from Hurghada \u2013 Explore Egypt\u2019s Timeless Wonders | Hurghada Excursion\" \/>\n<meta property=\"og:url\" content=\"\/fr\/https:\/\/hurghadaexcursion.com\/fr\/produit\/2-day-trip-to-cairo-from-hurghada-explore-egypts-timeless-wonders\/\/\" \/>\n<meta property=\"og:site_name\" content=\"Hurghada Excursion\" \/>\n<meta property=\"article:publisher\" content=\"https:\/\/www.facebook.com\/hurghadatrips.com.55\" \/>\n<meta name=\"twitter:card\" content=\"summary_large_image\" \/>\n<meta name=\"twitter:site\" content=\"@hurghadaexcurs1\" \/>\n<script type=\"application\/ld+json\" class=\"yoast-schema-graph\">{\"@context\":\"https:\\\/\\\/schema.org\",\"@graph\":[{\"@type\":\"WebPage\",\"@id\":\"https:\\\/\\\/hurghadaexcursion.com\\\/fr\\\/produit\\\/2-day-trip-to-cairo-from-hurghada-explore-egypts-timeless-wonders\\\/\",\"url\":\"https:\\\/\\\/hurghadaexcursion.com\\\/fr\\\/produit\\\/2-day-trip-to-cairo-from-hurghada-explore-egypts-timeless-wonders\\\/\",\"name\":\"2 Day Trip to Cairo from Hurghada \u2013 Explore Egypt\u2019s Timeless Wonders | Hurghada Excursion\",\"isPartOf\":{\"@id\":\"https:\\\/\\\/hurghadaexcursion.com\\\/fr\\\/#website\"},\"datePublished\":\"2026-02-01T14:20:38+00:00\",\"breadcrumb\":{\"@id\":\"https:\\\/\\\/hurghadaexcursion.com\\\/fr\\\/produit\\\/2-day-trip-to-cairo-from-hurghada-explore-egypts-timeless-wonders\\\/#breadcrumb\"},\"inLanguage\":\"fr-FR\",\"potentialAction\":[{\"@type\":\"ReadAction\",\"target\":[\"https:\\\/\\\/hurghadaexcursion.com\\\/fr\\\/produit\\\/2-day-trip-to-cairo-from-hurghada-explore-egypts-timeless-wonders\\\/\"]}]},{\"@type\":\"BreadcrumbList\",\"@id\":\"https:\\\/\\\/hurghadaexcursion.com\\\/fr\\\/produit\\\/2-day-trip-to-cairo-from-hurghada-explore-egypts-timeless-wonders\\\/#breadcrumb\",\"itemListElement\":[{\"@type\":\"ListItem\",\"position\":1,\"name\":\"Home\",\"item\":\"https:\\\/\\\/hurghadaexcursion.com\\\/fr\\\/\"},{\"@type\":\"ListItem\",\"position\":2,\"name\":\"Boutique\",\"item\":\"https:\\\/\\\/hurghadaexcursion.com\\\/fr\\\/shop\\\/\"},{\"@type\":\"ListItem\",\"position\":3,\"name\":\"2 Day Trip to Cairo from Hurghada \u2013 Explore Egypt\u2019s Timeless Wonders\"}]},{\"@type\":\"WebSite\",\"@id\":\"https:\\\/\\\/hurghadaexcursion.com\\\/fr\\\/#website\",\"url\":\"https:\\\/\\\/hurghadaexcursion.com\\\/fr\\\/\",\"name\":\"Hurghada Excursion\",\"description\":\"Best Travel Guide in Hurghada\",\"publisher\":{\"@id\":\"https:\\\/\\\/hurghadaexcursion.com\\\/fr\\\/#organization\"},\"potentialAction\":[{\"@type\":\"SearchAction\",\"target\":{\"@type\":\"EntryPoint\",\"urlTemplate\":\"https:\\\/\\\/hurghadaexcursion.com\\\/fr\\\/?s={search_term_string}\"},\"query-input\":{\"@type\":\"PropertyValueSpecification\",\"valueRequired\":true,\"valueName\":\"search_term_string\"}}],\"inLanguage\":\"fr-FR\"},{\"@type\":\"Organization\",\"@id\":\"https:\\\/\\\/hurghadaexcursion.com\\\/fr\\\/#organization\",\"name\":\"Hurghada Excursion\",\"url\":\"https:\\\/\\\/hurghadaexcursion.com\\\/fr\\\/\",\"logo\":{\"@type\":\"ImageObject\",\"inLanguage\":\"fr-FR\",\"@id\":\"https:\\\/\\\/hurghadaexcursion.com\\\/fr\\\/#\\\/schema\\\/logo\\\/image\\\/\",\"url\":\"https:\\\/\\\/hurghadaexcursion.com\\\/wp-content\\\/uploads\\\/2019\\\/05\\\/hueghada-excursion@2x-1.png\",\"contentUrl\":\"https:\\\/\\\/hurghadaexcursion.com\\\/wp-content\\\/uploads\\\/2019\\\/05\\\/hueghada-excursion@2x-1.png\",\"width\":380,\"height\":120,\"caption\":\"Hurghada Excursion\"},\"image\":{\"@id\":\"https:\\\/\\\/hurghadaexcursion.com\\\/fr\\\/#\\\/schema\\\/logo\\\/image\\\/\"},\"sameAs\":[\"https:\\\/\\\/www.facebook.com\\\/hurghadatrips.com.55\",\"https:\\\/\\\/x.com\\\/hurghadaexcurs1\",\"https:\\\/\\\/www.youtube.com\\\/channel\\\/UCpqEsBpgLc2qACQJWfJ_ggg\",\"https:\\\/\\\/hurghadaexcursion.com\\\/\"]}]}<\/script>\n<!-- \/ Yoast SEO plugin. -->","yoast_head_json":{"title":"Hurghada \u00e0 Le Caire sur 2 jours : Pyramides &amp; Mus\u00e9e \u00c9gyptien","robots":{"index":"index","follow":"follow","max-snippet":"max-snippet:-1","max-image-preview":"max-image-preview:large","max-video-preview":"max-video-preview:-1"},"canonical":"\/fr\/https:\/\/hurghadaexcursion.com\/fr\/produit\/2-day-trip-to-cairo-from-hurghada-explore-egypts-timeless-wonders\/\/","og_locale":"fr_FR","og_type":"article","og_title":"2 Day Trip to Cairo from Hurghada \u2013 Explore Egypt\u2019s Timeless Wonders | Hurghada Excursion","og_url":"\/fr\/https:\/\/hurghadaexcursion.com\/fr\/produit\/2-day-trip-to-cairo-from-hurghada-explore-egypts-timeless-wonders\/\/","og_site_name":"Hurghada Excursion","article_publisher":"https:\/\/www.facebook.com\/hurghadatrips.com.55","twitter_card":"summary_large_image","twitter_site":"@hurghadaexcurs1","schema":{"@context":"https:\/\/schema.org","@graph":[{"@type":"WebPage","@id":"https:\/\/hurghadaexcursion.com\/fr\/produit\/2-day-trip-to-cairo-from-hurghada-explore-egypts-timeless-wonders\/","url":"https:\/\/hurghadaexcursion.com\/fr\/produit\/2-day-trip-to-cairo-from-hurghada-explore-egypts-timeless-wonders\/","name":"Hurghada \u00e0 Le Caire sur 2 jours : Pyramides &amp; Mus\u00e9e \u00c9gyptien","isPartOf":{"@id":"https:\/\/hurghadaexcursion.com\/fr\/#website"},"datePublished":"2026-02-01T14:20:38+00:00","breadcrumb":{"@id":"https:\/\/hurghadaexcursion.com\/fr\/produit\/2-day-trip-to-cairo-from-hurghada-explore-egypts-timeless-wonders\/#breadcrumb"},"inLanguage":"fr-FR","potentialAction":[{"@type":"ReadAction","target":["https:\/\/hurghadaexcursion.com\/fr\/produit\/2-day-trip-to-cairo-from-hurghada-explore-egypts-timeless-wonders\/"]}]},{"@type":"BreadcrumbList","@id":"https:\/\/hurghadaexcursion.com\/fr\/produit\/2-day-trip-to-cairo-from-hurghada-explore-egypts-timeless-wonders\/#breadcrumb","itemListElement":[{"@type":"ListItem","position":1,"name":"Home","item":"https:\/\/hurghadaexcursion.com\/fr\/"},{"@type":"ListItem","position":2,"name":"Boutique","item":"https:\/\/hurghadaexcursion.com\/fr\/shop\/"},{"@type":"ListItem","position":3,"name":"2 Day Trip to Cairo from Hurghada \u2013 Explore Egypt\u2019s Timeless Wonders"}]},{"@type":"WebSite","@id":"https:\/\/hurghadaexcursion.com\/fr\/#website","url":"https:\/\/hurghadaexcursion.com\/fr\/","name":"Excursion depuis Sahl Hasheesh","description":"Meilleur Guide de Voyage \u00e0 Hurghada","publisher":{"@id":"https:\/\/hurghadaexcursion.com\/fr\/#organization"},"potentialAction":[{"@type":"SearchAction","target":{"@type":"EntryPoint","urlTemplate":"https:\/\/hurghadaexcursion.com\/fr\/?s={search_term_string}"},"query-input":{"@type":"PropertyValueSpecification","valueRequired":true,"valueName":"search_term_string"}}],"inLanguage":"fr-FR"},{"@type":"Organization","@id":"https:\/\/hurghadaexcursion.com\/fr\/#organization","name":"Excursion depuis Sahl Hasheesh","url":"https:\/\/hurghadaexcursion.com\/fr\/","logo":{"@type":"ImageObject","inLanguage":"fr-FR","@id":"https:\/\/hurghadaexcursion.com\/fr\/#\/schema\/logo\/image\/","url":"https:\/\/hurghadaexcursion.com\/wp-content\/uploads\/2019\/05\/hueghada-excursion@2x-1.png","contentUrl":"https:\/\/hurghadaexcursion.com\/wp-content\/uploads\/2019\/05\/hueghada-excursion@2x-1.png","width":380,"height":120,"caption":"Hurghada Excursion"},"image":{"@id":"https:\/\/hurghadaexcursion.com\/fr\/#\/schema\/logo\/image\/"},"sameAs":["https:\/\/www.facebook.com\/hurghadatrips.com.55","https:\/\/x.com\/hurghadaexcurs1","https:\/\/www.youtube.com\/channel\/UCpqEsBpgLc2qACQJWfJ_ggg","https:\/\/hurghadaexcursion.com\/"]}]}},"_links":{"self":[{"href":"https:\/\/hurghadaexcursion.com\/fr\/wp-json\/wp\/v2\/product\/54145","targetHints":{"allow":["GET"]}}],"collection":[{"href":"https:\/\/hurghadaexcursion.com\/fr\/wp-json\/wp\/v2\/product"}],"about":[{"href":"https:\/\/hurghadaexcursion.com\/fr\/wp-json\/wp\/v2\/types\/product"}],"replies":[{"embeddable":true,"href":"https:\/\/hurghadaexcursion.com\/fr\/wp-json\/wp\/v2\/comments?post=54145"}],"wp:attachment":[{"href":"https:\/\/hurghadaexcursion.com\/fr\/wp-json\/wp\/v2\/media?parent=54145"}],"wp:term":[{"taxonomy":"product_brand","embeddable":true,"href":"https:\/\/hurghadaexcursion.com\/fr\/wp-json\/wp\/v2\/product_brand?post=54145"},{"taxonomy":"product_cat","embeddable":true,"href":"https:\/\/hurghadaexcursion.com\/fr\/wp-json\/wp\/v2\/product_cat?post=54145"},{"taxonomy":"product_tag","embeddable":true,"href":"https:\/\/hurghadaexcursion.com\/fr\/wp-json\/wp\/v2\/product_tag?post=54145"}],"curies":[{"name":"wp","href":"https:\/\/api.w.org\/{rel}","templated":true}]}}