{"id":12271,"date":"2018-12-10T03:06:47","date_gmt":"2018-12-10T03:06:47","guid":{"rendered":"https:\/\/hurghadaexcursion.com\/about-us\/"},"modified":"2024-12-19T20:38:53","modified_gmt":"2024-12-19T20:38:53","slug":"about-us","status":"publish","type":"page","link":"https:\/\/hurghadaexcursion.com\/fr\/about-us\/","title":{"rendered":"A propos de nous"},"content":{"rendered":"<p>[vc_row][vc_column][vc_empty_space height=&#8221;60px&#8221;][\/vc_column][vc_column][vc_column_text]<\/p>\n<h3 style=\"text-align: center;\">Bienvenue \u00e0 l&#8217;excursion \u00e0 Hurghada<\/h3>\n<p>[\/vc_column_text][vc_column_text]<\/p>\n<p style=\"text-align: center;\">Nous sommes en train de transformer des voyages ordinaires en voyages extraordinaires. Nous sommes votre guide, vous apportant des exp\u00e9riences personnelles. O\u00f9 que vos voyages vous m\u00e8nent, nous vous ferons d\u00e9couvrir les activit\u00e9s uniques et incontournables de votre destination. Avec Hurghada Excursion \u00e0 vos c\u00f4t\u00e9s, cr\u00e9er des moments m\u00e9morables n&#8217;a jamais \u00e9t\u00e9 aussi facile. Des millions de personnes ont utilis\u00e9 Hurghada Excursion pour transformer leurs r\u00eaves de voyage en r\u00e9alit\u00e9. Et nous ne faisons que commencer. Nous changeons la fa\u00e7on dont les gens se connectent aux lieux qu&#8217;ils visitent afin que chacun puisse cr\u00e9er les vacances de ses r\u00eaves.<\/p>\n<p>[\/vc_column_text][\/vc_column][\/vc_row][vc_row][vc_column][vc_empty_space height=&#8221;60px&#8221;][\/vc_column][\/vc_row][vc_row][vc_column width=&#8221;1\/2&#8243;][vc_single_image image=&#8221;11086&#8243; img_size=&#8221;full&#8221; alignment=&#8221;center&#8221; css_animation=&#8221;none&#8221;][vc_column_text el_class=&#8221;st-aboutus-title&#8221;]<\/p>\n<h3 style=\"text-align: center;\">Notre vision<\/h3>\n<p>[\/vc_column_text][vc_column_text el_class=&#8221;st-aboutus-content&#8221;]<\/p>\n<p style=\"text-align: center;\">\u00catre indispensable \u00e0 nos clients en proposant des circuits de la meilleure qualit\u00e9 aux prix les plus abordables et en \u00e9tant un leader dans le secteur du voyage en se concentrant sur la satisfaction du client, notre personnel, notre communaut\u00e9, la croissance, l&#8217;innovation, la technologie, l&#8217;efficience et l&#8217;efficacit\u00e9.<\/p>\n<p>[\/vc_column_text][vc_empty_space height=&#8221;30px&#8221;][\/vc_column][vc_column width=&#8221;1\/2&#8243;][vc_single_image image=&#8221;11081&#8243; img_size=&#8221;full&#8221; alignment=&#8221;center&#8221;][vc_column_text el_class=&#8221;st-aboutus-title&#8221;]<\/p>\n<h3 style=\"text-align: center;\">Notre mission<\/h3>\n<p>[\/vc_column_text][vc_column_text el_class=&#8221;st-aboutus-content&#8221;]<\/p>\n<p style=\"text-align: center;\">Nous fournissons le meilleur service \u00e0 nos clients et nous nous concentrons sur la cr\u00e9ation d&#8217;une soci\u00e9t\u00e9 de clients \u00e0 long terme. Nous d\u00e9velopperons nos liens avec les h\u00f4tels, les voyagistes et les agents des transporteurs afin de respecter les int\u00e9r\u00eats de nos clients avant tout et de leur offrir les meilleures vacances.<\/p>\n<p>[\/vc_column_text][vc_empty_space height=&#8221;30px&#8221;][\/vc_column][\/vc_row][vc_row][vc_column css=&#8221;.vc_custom_1645283597441{background-position: center !important;background-repeat: no-repeat !important;background-size: cover !important;}&#8221;][vc_empty_space][vc_column_text]<\/p>\n<h3 style=\"text-align: center;\">Pourquoi r\u00e9server avec Hurghada Excursion<\/h3>\n<p>[\/vc_column_text][vc_empty_space height=&#8221;20px&#8221;][st_about_us_statistic list_statistic=&#8221;%5B%7B%22sub_text%22%3A%22Ultimate%20flexibility%22%2C%22desc%22%3A%22You%E2%80%99re%20in%20control%2C%20with%20free%20cancellation%20and%20payment%20options%20to%20satisfy%20any%20plan.%5Cn%5Cn%5Cn%22%7D%2C%7B%22sub_text%22%3A%22Memorable%20experiences%22%2C%22desc%22%3A%22Browse%20and%20book%20tours%20and%20activities%20so%20incredible%2C%20you%E2%80%99ll%20want%20to%20tell%20your%20friends.%22%7D%2C%7B%22sub_text%22%3A%22Quality%20at%20our%20core%22%2C%22desc%22%3A%22High%20quality%20standards.%20Millions%20of%20reviews.%20A%20hurghada%20excursion%20company.%22%7D%2C%7B%22sub_text%22%3A%22Award-winning%20support%22%2C%22desc%22%3A%22New%20price%3F%20New%20plan%3F%20No%20problem.%20We%E2%80%99re%20here%20to%20help%2C%2024%2F7.%22%7D%5D&#8221; undefined=&#8221;&#8221;][vc_empty_space height=&#8221;65px&#8221;][\/vc_column][\/vc_row][vc_row full_width=&#8221;stretch_row_content_no_spaces&#8221; row_fullwidth=&#8221;yes&#8221;][vc_column css=&#8221;.vc_custom_1543386510262{padding-right: 0px !important;padding-left: 0px !important;}&#8221;][st_about_us_gallery_new images=&#8221;10214,10215,10216,10217,10218&#8243; title=&#8221;Explorez notre destination&#8221; link=&#8221;url:https%3A%2F%2Fhurghadaexcursion.com%2Fsidebar-search-layout-tour%2F|title:view&#8221;][\/vc_column][\/vc_row]<\/p>\n","protected":false},"excerpt":{"rendered":"[vc_row][vc_column][vc_empty_space height=&#8221;60px&#8221;][\/vc_column][vc_column][vc_column_text] Bienvenue \u00e0 l&#8217;excursion \u00e0 Hurghada [\/vc_column_text][vc_column_text] Nous sommes...","protected":false},"author":7,"featured_media":11211,"parent":0,"menu_order":0,"comment_status":"closed","ping_status":"closed","template":"elementor_header_footer","meta":{"footnotes":""},"class_list":["post-12271","page","type-page","status-publish","has-post-thumbnail","hentry"],"yoast_head":"<!-- This site is optimized with the Yoast SEO plugin v27.5 - https:\/\/yoast.com\/product\/yoast-seo-wordpress\/ -->\n<title>A propos de nous | Hurghada Excursion<\/title>\n<meta name=\"robots\" content=\"index, follow, max-snippet:-1, max-image-preview:large, max-video-preview:-1\" \/>\n<link rel=\"canonical\" href=\"\/fr\/https:\/\/hurghadaexcursion.com\/fr\/about-us\/\/\" \/>\n<meta property=\"og:locale\" content=\"fr_FR\" \/>\n<meta property=\"og:type\" content=\"article\" \/>\n<meta property=\"og:title\" content=\"A propos de nous | Hurghada Excursion\" \/>\n<meta property=\"og:description\" content=\"[vc_row][vc_column][vc_empty_space height=&#8221;60px&#8221;][\/vc_column][vc_column][vc_column_text] Bienvenue \u00e0 l&#8217;excursion \u00e0 Hurghada [\/vc_column_text][vc_column_text] Nous sommes en train de transformer des voyages ordinaires en voyages extraordinaires. Nous sommes votre guide, vous apportant des exp\u00e9riences personnelles. O\u00f9 que vos voyages vous m\u00e8nent, nous vous ferons d\u00e9couvrir les activit\u00e9s uniques et incontournables de votre destination. Avec Hurghada Excursion \u00e0 vos c\u00f4t\u00e9s, cr\u00e9er des [&hellip;]\" \/>\n<meta property=\"og:url\" content=\"\/fr\/https:\/\/hurghadaexcursion.com\/fr\/about-us\/\/\" \/>\n<meta property=\"og:site_name\" content=\"Hurghada Excursion\" \/>\n<meta property=\"article:publisher\" content=\"https:\/\/www.facebook.com\/hurghadatrips.com.55\" \/>\n<meta property=\"article:modified_time\" content=\"2024-12-19T20:38:53+00:00\" \/>\n<meta property=\"og:image\" content=\"https:\/\/hurghadaexcursion.com\/wp-content\/uploads\/2022\/02\/banner-info.jpg\" \/>\n\t<meta property=\"og:image:width\" content=\"1900\" \/>\n\t<meta property=\"og:image:height\" content=\"296\" \/>\n\t<meta property=\"og:image:type\" content=\"image\/jpeg\" \/>\n<meta name=\"twitter:card\" content=\"summary_large_image\" \/>\n<meta name=\"twitter:site\" content=\"@hurghadaexcurs1\" \/>\n<meta name=\"twitter:label1\" content=\"Dur\u00e9e de lecture estim\u00e9e\" \/>\n\t<meta name=\"twitter:data1\" content=\"3 minutes\" \/>\n<script type=\"application\/ld+json\" class=\"yoast-schema-graph\">{\"@context\":\"https:\\\/\\\/schema.org\",\"@graph\":[{\"@type\":\"WebPage\",\"@id\":\"https:\\\/\\\/hurghadaexcursion.com\\\/fr\\\/about-us\\\/\",\"url\":\"https:\\\/\\\/hurghadaexcursion.com\\\/fr\\\/about-us\\\/\",\"name\":\"A propos de nous | Hurghada Excursion\",\"isPartOf\":{\"@id\":\"https:\\\/\\\/hurghadaexcursion.com\\\/fr\\\/#website\"},\"primaryImageOfPage\":{\"@id\":\"https:\\\/\\\/hurghadaexcursion.com\\\/fr\\\/about-us\\\/#primaryimage\"},\"image\":{\"@id\":\"https:\\\/\\\/hurghadaexcursion.com\\\/fr\\\/about-us\\\/#primaryimage\"},\"thumbnailUrl\":\"https:\\\/\\\/hurghadaexcursion.com\\\/wp-content\\\/uploads\\\/2022\\\/02\\\/banner-info.jpg\",\"datePublished\":\"2018-12-10T03:06:47+00:00\",\"dateModified\":\"2024-12-19T20:38:53+00:00\",\"breadcrumb\":{\"@id\":\"https:\\\/\\\/hurghadaexcursion.com\\\/fr\\\/about-us\\\/#breadcrumb\"},\"inLanguage\":\"fr-FR\",\"potentialAction\":[{\"@type\":\"ReadAction\",\"target\":[\"https:\\\/\\\/hurghadaexcursion.com\\\/fr\\\/about-us\\\/\"]}]},{\"@type\":\"ImageObject\",\"inLanguage\":\"fr-FR\",\"@id\":\"https:\\\/\\\/hurghadaexcursion.com\\\/fr\\\/about-us\\\/#primaryimage\",\"url\":\"https:\\\/\\\/hurghadaexcursion.com\\\/wp-content\\\/uploads\\\/2022\\\/02\\\/banner-info.jpg\",\"contentUrl\":\"https:\\\/\\\/hurghadaexcursion.com\\\/wp-content\\\/uploads\\\/2022\\\/02\\\/banner-info.jpg\",\"width\":1900,\"height\":296},{\"@type\":\"BreadcrumbList\",\"@id\":\"https:\\\/\\\/hurghadaexcursion.com\\\/fr\\\/about-us\\\/#breadcrumb\",\"itemListElement\":[{\"@type\":\"ListItem\",\"position\":1,\"name\":\"Home\",\"item\":\"https:\\\/\\\/hurghadaexcursion.com\\\/fr\\\/hurghada-excursions\\\/\"},{\"@type\":\"ListItem\",\"position\":2,\"name\":\"A propos de nous\"}]},{\"@type\":\"WebSite\",\"@id\":\"https:\\\/\\\/hurghadaexcursion.com\\\/fr\\\/#website\",\"url\":\"https:\\\/\\\/hurghadaexcursion.com\\\/fr\\\/\",\"name\":\"Hurghada Excursion\",\"description\":\"Best Travel Guide in Hurghada\",\"publisher\":{\"@id\":\"https:\\\/\\\/hurghadaexcursion.com\\\/fr\\\/#organization\"},\"potentialAction\":[{\"@type\":\"SearchAction\",\"target\":{\"@type\":\"EntryPoint\",\"urlTemplate\":\"https:\\\/\\\/hurghadaexcursion.com\\\/fr\\\/?s={search_term_string}\"},\"query-input\":{\"@type\":\"PropertyValueSpecification\",\"valueRequired\":true,\"valueName\":\"search_term_string\"}}],\"inLanguage\":\"fr-FR\"},{\"@type\":\"Organization\",\"@id\":\"https:\\\/\\\/hurghadaexcursion.com\\\/fr\\\/#organization\",\"name\":\"Hurghada Excursion\",\"url\":\"https:\\\/\\\/hurghadaexcursion.com\\\/fr\\\/\",\"logo\":{\"@type\":\"ImageObject\",\"inLanguage\":\"fr-FR\",\"@id\":\"https:\\\/\\\/hurghadaexcursion.com\\\/fr\\\/#\\\/schema\\\/logo\\\/image\\\/\",\"url\":\"https:\\\/\\\/hurghadaexcursion.com\\\/wp-content\\\/uploads\\\/2019\\\/05\\\/hueghada-excursion@2x-1.png\",\"contentUrl\":\"https:\\\/\\\/hurghadaexcursion.com\\\/wp-content\\\/uploads\\\/2019\\\/05\\\/hueghada-excursion@2x-1.png\",\"width\":380,\"height\":120,\"caption\":\"Hurghada Excursion\"},\"image\":{\"@id\":\"https:\\\/\\\/hurghadaexcursion.com\\\/fr\\\/#\\\/schema\\\/logo\\\/image\\\/\"},\"sameAs\":[\"https:\\\/\\\/www.facebook.com\\\/hurghadatrips.com.55\",\"https:\\\/\\\/x.com\\\/hurghadaexcurs1\",\"https:\\\/\\\/www.youtube.com\\\/channel\\\/UCpqEsBpgLc2qACQJWfJ_ggg\",\"https:\\\/\\\/hurghadaexcursion.com\\\/\"]}]}<\/script>\n<!-- \/ Yoast SEO plugin. -->","yoast_head_json":{"title":"A propos de nous | Hurghada Excursion","robots":{"index":"index","follow":"follow","max-snippet":"max-snippet:-1","max-image-preview":"max-image-preview:large","max-video-preview":"max-video-preview:-1"},"canonical":"\/fr\/https:\/\/hurghadaexcursion.com\/fr\/about-us\/\/","og_locale":"fr_FR","og_type":"article","og_title":"A propos de nous | Hurghada Excursion","og_description":"[vc_row][vc_column][vc_empty_space height=&#8221;60px&#8221;][\/vc_column][vc_column][vc_column_text] Bienvenue \u00e0 l&#8217;excursion \u00e0 Hurghada [\/vc_column_text][vc_column_text] Nous sommes en train de transformer des voyages ordinaires en voyages extraordinaires. Nous sommes votre guide, vous apportant des exp\u00e9riences personnelles. O\u00f9 que vos voyages vous m\u00e8nent, nous vous ferons d\u00e9couvrir les activit\u00e9s uniques et incontournables de votre destination. Avec Hurghada Excursion \u00e0 vos c\u00f4t\u00e9s, cr\u00e9er des [&hellip;]","og_url":"\/fr\/https:\/\/hurghadaexcursion.com\/fr\/about-us\/\/","og_site_name":"Hurghada Excursion","article_publisher":"https:\/\/www.facebook.com\/hurghadatrips.com.55","article_modified_time":"2024-12-19T20:38:53+00:00","og_image":[{"width":1900,"height":296,"url":"https:\/\/hurghadaexcursion.com\/wp-content\/uploads\/2022\/02\/banner-info.jpg","type":"image\/jpeg"}],"twitter_card":"summary_large_image","twitter_site":"@hurghadaexcurs1","twitter_misc":{"Dur\u00e9e de lecture estim\u00e9e":"3 minutes"},"schema":{"@context":"https:\/\/schema.org","@graph":[{"@type":"WebPage","@id":"https:\/\/hurghadaexcursion.com\/fr\/about-us\/","url":"https:\/\/hurghadaexcursion.com\/fr\/about-us\/","name":"A propos de nous | Hurghada Excursion","isPartOf":{"@id":"https:\/\/hurghadaexcursion.com\/fr\/#website"},"primaryImageOfPage":{"@id":"https:\/\/hurghadaexcursion.com\/fr\/about-us\/#primaryimage"},"image":{"@id":"https:\/\/hurghadaexcursion.com\/fr\/about-us\/#primaryimage"},"thumbnailUrl":"https:\/\/hurghadaexcursion.com\/wp-content\/uploads\/2022\/02\/banner-info.jpg","datePublished":"2018-12-10T03:06:47+00:00","dateModified":"2024-12-19T20:38:53+00:00","breadcrumb":{"@id":"https:\/\/hurghadaexcursion.com\/fr\/about-us\/#breadcrumb"},"inLanguage":"fr-FR","potentialAction":[{"@type":"ReadAction","target":["https:\/\/hurghadaexcursion.com\/fr\/about-us\/"]}]},{"@type":"ImageObject","inLanguage":"fr-FR","@id":"https:\/\/hurghadaexcursion.com\/fr\/about-us\/#primaryimage","url":"https:\/\/hurghadaexcursion.com\/wp-content\/uploads\/2022\/02\/banner-info.jpg","contentUrl":"https:\/\/hurghadaexcursion.com\/wp-content\/uploads\/2022\/02\/banner-info.jpg","width":1900,"height":296},{"@type":"BreadcrumbList","@id":"https:\/\/hurghadaexcursion.com\/fr\/about-us\/#breadcrumb","itemListElement":[{"@type":"ListItem","position":1,"name":"Home","item":"https:\/\/hurghadaexcursion.com\/fr\/hurghada-excursions\/"},{"@type":"ListItem","position":2,"name":"A propos de nous"}]},{"@type":"WebSite","@id":"https:\/\/hurghadaexcursion.com\/fr\/#website","url":"https:\/\/hurghadaexcursion.com\/fr\/","name":"Excursion depuis Sahl Hasheesh","description":"Meilleur Guide de Voyage \u00e0 Hurghada","publisher":{"@id":"https:\/\/hurghadaexcursion.com\/fr\/#organization"},"potentialAction":[{"@type":"SearchAction","target":{"@type":"EntryPoint","urlTemplate":"https:\/\/hurghadaexcursion.com\/fr\/?s={search_term_string}"},"query-input":{"@type":"PropertyValueSpecification","valueRequired":true,"valueName":"search_term_string"}}],"inLanguage":"fr-FR"},{"@type":"Organization","@id":"https:\/\/hurghadaexcursion.com\/fr\/#organization","name":"Excursion depuis Sahl Hasheesh","url":"https:\/\/hurghadaexcursion.com\/fr\/","logo":{"@type":"ImageObject","inLanguage":"fr-FR","@id":"https:\/\/hurghadaexcursion.com\/fr\/#\/schema\/logo\/image\/","url":"https:\/\/hurghadaexcursion.com\/wp-content\/uploads\/2019\/05\/hueghada-excursion@2x-1.png","contentUrl":"https:\/\/hurghadaexcursion.com\/wp-content\/uploads\/2019\/05\/hueghada-excursion@2x-1.png","width":380,"height":120,"caption":"Hurghada Excursion"},"image":{"@id":"https:\/\/hurghadaexcursion.com\/fr\/#\/schema\/logo\/image\/"},"sameAs":["https:\/\/www.facebook.com\/hurghadatrips.com.55","https:\/\/x.com\/hurghadaexcurs1","https:\/\/www.youtube.com\/channel\/UCpqEsBpgLc2qACQJWfJ_ggg","https:\/\/hurghadaexcursion.com\/"]}]}},"_links":{"self":[{"href":"https:\/\/hurghadaexcursion.com\/fr\/wp-json\/wp\/v2\/pages\/12271","targetHints":{"allow":["GET"]}}],"collection":[{"href":"https:\/\/hurghadaexcursion.com\/fr\/wp-json\/wp\/v2\/pages"}],"about":[{"href":"https:\/\/hurghadaexcursion.com\/fr\/wp-json\/wp\/v2\/types\/page"}],"author":[{"embeddable":true,"href":"https:\/\/hurghadaexcursion.com\/fr\/wp-json\/wp\/v2\/users\/7"}],"replies":[{"embeddable":true,"href":"https:\/\/hurghadaexcursion.com\/fr\/wp-json\/wp\/v2\/comments?post=12271"}],"version-history":[{"count":0,"href":"https:\/\/hurghadaexcursion.com\/fr\/wp-json\/wp\/v2\/pages\/12271\/revisions"}],"wp:featuredmedia":[{"embeddable":true,"href":"https:\/\/hurghadaexcursion.com\/fr\/wp-json\/wp\/v2\/media\/11211"}],"wp:attachment":[{"href":"https:\/\/hurghadaexcursion.com\/fr\/wp-json\/wp\/v2\/media?parent=12271"}],"curies":[{"name":"wp","href":"https:\/\/api.w.org\/{rel}","templated":true}]}}