{"id":12273,"date":"2018-12-10T03:06:47","date_gmt":"2018-12-10T03:06:47","guid":{"rendered":"https:\/\/hurghadaexcursion.com\/about-us\/"},"modified":"2024-12-19T20:39:09","modified_gmt":"2024-12-19T20:39:09","slug":"about-us","status":"publish","type":"page","link":"https:\/\/hurghadaexcursion.com\/de\/about-us\/","title":{"rendered":"\u00dcber uns"},"content":{"rendered":"<p>[vc_row][vc_column][vc_empty_space height=&#8221;60px&#8221;][\/vc_column][vc_column][vc_column_text]<\/p>\n<h3 style=\"text-align: center;\">Willkommen bei der Hurghada-Exkursion<\/h3>\n<p>[\/vc_column_text][vc_column_text]<\/p>\n<p style=\"text-align: center;\">Wir sind auf einer Reise, um gew\u00f6hnliche Reisen in au\u00dfergew\u00f6hnliche zu verwandeln. Wir sind Ihr Reisef\u00fchrer und bringen Ihnen pers\u00f6nliche Erfahrungen. Wohin Ihre Reise Sie auch f\u00fchrt, wir zeigen Ihnen, was Sie an Ihrem Reiseziel unbedingt erleben sollten. Mit Hurghada Excursion an Ihrer Seite war es noch nie so einfach, unvergessliche Momente zu schaffen. Millionen haben Hurghada Excursion genutzt, um ihre Reisetr\u00e4ume zu verwirklichen. Und wir stehen erst am Anfang. Wir ver\u00e4ndern die Art und Weise, wie Menschen mit den Orten, die sie besuchen, in Verbindung treten, damit jeder seinen Traumurlaub gestalten kann.<\/p>\n<p>[\/vc_column_text][\/vc_column][\/vc_row][vc_row][vc_column][vc_empty_space height=&#8221;60px&#8221;][\/vc_column][\/vc_row][vc_row][vc_column width=&#8221;1\/2&#8243;][vc_single_image image=&#8221;11087&#8243; img_size=&#8221;full&#8221; alignment=&#8221;center&#8221; css_animation=&#8221;none&#8221;][vc_column_text el_class=&#8221;st-aboutus-title&#8221;]<\/p>\n<h3 style=\"text-align: center;\">Unsere Vision<\/h3>\n<p>[\/vc_column_text][vc_column_text el_class=&#8221;st-aboutus-content&#8221;]<\/p>\n<p style=\"text-align: center;\">Wir wollen f\u00fcr unsere Kunden unentbehrlich sein, indem wir qualitativ hochwertige Reisen zu erschwinglichen Preisen anbieten und eine f\u00fchrende Position in der Reisebranche einnehmen, indem wir uns auf Kundenzufriedenheit, unsere Mitarbeiter, unsere Gemeinschaft, Wachstum, Innovation, Technologie, Effizienz und Effektivit\u00e4t konzentrieren.<\/p>\n<p>[\/vc_column_text][vc_empty_space height=&#8221;30px&#8221;][\/vc_column][vc_column width=&#8221;1\/2&#8243;][vc_single_image image=&#8221;11082&#8243; img_size=&#8221;full&#8221; alignment=&#8221;center&#8221;][vc_column_text el_class=&#8221;st-aboutus-title&#8221;]<\/p>\n<h3 style=\"text-align: center;\">Unser Auftrag<\/h3>\n<p>[\/vc_column_text][vc_column_text el_class=&#8221;st-aboutus-content&#8221;]<\/p>\n<p style=\"text-align: center;\">Wir bieten unseren Kunden den besten Service und konzentrieren uns auf den Aufbau eines langfristigen Kundenunternehmens. Wir werden unsere Beziehungen zu Hotels, Reiseveranstaltern und Verkehrsbetrieben ausbauen, um die Interessen unserer G\u00e4ste zu wahren und ihnen den besten Urlaub zu bieten.<\/p>\n<p>[\/vc_column_text][vc_empty_space height=&#8221;30px&#8221;][\/vc_column][\/vc_row][vc_row][vc_column css=&#8221;.vc_custom_1645283597441{background-position: center !important;background-repeat: no-repeat !important;background-size: cover !important;}&#8221;][vc_empty_space][vc_column_text]<\/p>\n<h3 style=\"text-align: center;\">Warum mit Hurghada Excursion buchen<\/h3>\n<p>[\/vc_column_text][vc_empty_space height=&#8221;20px&#8221;][st_about_us_statistic list_statistic=&#8221;%5B%7B%22sub_text%22%3A%22Ultimate%20flexibility%22%2C%22desc%22%3A%22You%E2%80%99re%20in%20control%2C%20with%20free%20cancellation%20and%20payment%20options%20to%20satisfy%20any%20plan.%5Cn%5Cn%5Cn%22%7D%2C%7B%22sub_text%22%3A%22Memorable%20experiences%22%2C%22desc%22%3A%22Browse%20and%20book%20tours%20and%20activities%20so%20incredible%2C%20you%E2%80%99ll%20want%20to%20tell%20your%20friends.%22%7D%2C%7B%22sub_text%22%3A%22Quality%20at%20our%20core%22%2C%22desc%22%3A%22High%20quality%20standards.%20Millions%20of%20reviews.%20A%20hurghada%20excursion%20company.%22%7D%2C%7B%22sub_text%22%3A%22Award-winning%20support%22%2C%22desc%22%3A%22New%20price%3F%20New%20plan%3F%20No%20problem.%20We%E2%80%99re%20here%20to%20help%2C%2024%2F7.%22%7D%5D&#8221; undefined=&#8221;&#8221;][vc_empty_space height=&#8221;65px&#8221;][\/vc_column][\/vc_row][vc_row full_width=&#8221;stretch_row_content_no_spaces&#8221; row_fullwidth=&#8221;yes&#8221;][vc_column css=&#8221;.vc_custom_1543386510262{padding-right: 0px !important;padding-left: 0px !important;}&#8221;][st_about_us_gallery_new images=&#8221;10214,10215,10216,10217,10218&#8243; title=&#8221;Erkunden Sie unser Reiseziel&#8221; link=&#8221;url:https%3A%2F%2Fhurghadaexcursion.com%2Fsidebar-search-layout-tour%2F|title:view&#8221;][\/vc_column][\/vc_row]<\/p>\n","protected":false},"excerpt":{"rendered":"[vc_row][vc_column][vc_empty_space height=&#8221;60px&#8221;][\/vc_column][vc_column][vc_column_text] Willkommen bei der Hurghada-Exkursion [\/vc_column_text][vc_column_text] Wir sind auf...","protected":false},"author":7,"featured_media":11212,"parent":0,"menu_order":0,"comment_status":"closed","ping_status":"closed","template":"elementor_header_footer","meta":{"footnotes":""},"class_list":["post-12273","page","type-page","status-publish","has-post-thumbnail","hentry"],"yoast_head":"<!-- This site is optimized with the Yoast SEO plugin v27.4 - https:\/\/yoast.com\/product\/yoast-seo-wordpress\/ -->\n<title>\u00dcber uns | Hurghada Excursion<\/title>\n<meta name=\"robots\" content=\"index, follow, max-snippet:-1, max-image-preview:large, max-video-preview:-1\" \/>\n<link rel=\"canonical\" href=\"\/de\/https:\/\/hurghadaexcursion.com\/de\/about-us\/\/\" \/>\n<meta property=\"og:locale\" content=\"de_DE\" \/>\n<meta property=\"og:type\" content=\"article\" \/>\n<meta property=\"og:title\" content=\"\u00dcber uns | Hurghada Excursion\" \/>\n<meta property=\"og:description\" content=\"[vc_row][vc_column][vc_empty_space height=&#8221;60px&#8221;][\/vc_column][vc_column][vc_column_text] Willkommen bei der Hurghada-Exkursion [\/vc_column_text][vc_column_text] Wir sind auf einer Reise, um gew\u00f6hnliche Reisen in au\u00dfergew\u00f6hnliche zu verwandeln. Wir sind Ihr Reisef\u00fchrer und bringen Ihnen pers\u00f6nliche Erfahrungen. Wohin Ihre Reise Sie auch f\u00fchrt, wir zeigen Ihnen, was Sie an Ihrem Reiseziel unbedingt erleben sollten. Mit Hurghada Excursion an Ihrer Seite war es noch nie [&hellip;]\" \/>\n<meta property=\"og:url\" content=\"\/de\/https:\/\/hurghadaexcursion.com\/de\/about-us\/\/\" \/>\n<meta property=\"og:site_name\" content=\"Hurghada Excursion\" \/>\n<meta property=\"article:publisher\" content=\"https:\/\/www.facebook.com\/hurghadatrips.com.55\" \/>\n<meta property=\"article:modified_time\" content=\"2024-12-19T20:39:09+00:00\" \/>\n<meta property=\"og:image\" content=\"https:\/\/hurghadaexcursion.com\/wp-content\/uploads\/2022\/02\/banner-info.jpg\" \/>\n\t<meta property=\"og:image:width\" content=\"1900\" \/>\n\t<meta property=\"og:image:height\" content=\"296\" \/>\n\t<meta property=\"og:image:type\" content=\"image\/jpeg\" \/>\n<meta name=\"twitter:card\" content=\"summary_large_image\" \/>\n<meta name=\"twitter:site\" content=\"@hurghadaexcurs1\" \/>\n<meta name=\"twitter:label1\" content=\"Gesch\u00e4tzte Lesezeit\" \/>\n\t<meta name=\"twitter:data1\" content=\"3 minutes\" \/>\n<script type=\"application\/ld+json\" class=\"yoast-schema-graph\">{\"@context\":\"https:\\\/\\\/schema.org\",\"@graph\":[{\"@type\":\"WebPage\",\"@id\":\"https:\\\/\\\/hurghadaexcursion.com\\\/de\\\/about-us\\\/\",\"url\":\"https:\\\/\\\/hurghadaexcursion.com\\\/de\\\/about-us\\\/\",\"name\":\"\u00dcber uns | Hurghada Excursion\",\"isPartOf\":{\"@id\":\"https:\\\/\\\/hurghadaexcursion.com\\\/de\\\/#website\"},\"primaryImageOfPage\":{\"@id\":\"https:\\\/\\\/hurghadaexcursion.com\\\/de\\\/about-us\\\/#primaryimage\"},\"image\":{\"@id\":\"https:\\\/\\\/hurghadaexcursion.com\\\/de\\\/about-us\\\/#primaryimage\"},\"thumbnailUrl\":\"https:\\\/\\\/hurghadaexcursion.com\\\/wp-content\\\/uploads\\\/2022\\\/02\\\/banner-info.jpg\",\"datePublished\":\"2018-12-10T03:06:47+00:00\",\"dateModified\":\"2024-12-19T20:39:09+00:00\",\"breadcrumb\":{\"@id\":\"https:\\\/\\\/hurghadaexcursion.com\\\/de\\\/about-us\\\/#breadcrumb\"},\"inLanguage\":\"de-DE\",\"potentialAction\":[{\"@type\":\"ReadAction\",\"target\":[\"https:\\\/\\\/hurghadaexcursion.com\\\/de\\\/about-us\\\/\"]}]},{\"@type\":\"ImageObject\",\"inLanguage\":\"de-DE\",\"@id\":\"https:\\\/\\\/hurghadaexcursion.com\\\/de\\\/about-us\\\/#primaryimage\",\"url\":\"https:\\\/\\\/hurghadaexcursion.com\\\/wp-content\\\/uploads\\\/2022\\\/02\\\/banner-info.jpg\",\"contentUrl\":\"https:\\\/\\\/hurghadaexcursion.com\\\/wp-content\\\/uploads\\\/2022\\\/02\\\/banner-info.jpg\",\"width\":1900,\"height\":296},{\"@type\":\"BreadcrumbList\",\"@id\":\"https:\\\/\\\/hurghadaexcursion.com\\\/de\\\/about-us\\\/#breadcrumb\",\"itemListElement\":[{\"@type\":\"ListItem\",\"position\":1,\"name\":\"Home\",\"item\":\"https:\\\/\\\/hurghadaexcursion.com\\\/de\\\/\"},{\"@type\":\"ListItem\",\"position\":2,\"name\":\"\u00dcber uns\"}]},{\"@type\":\"WebSite\",\"@id\":\"https:\\\/\\\/hurghadaexcursion.com\\\/de\\\/#website\",\"url\":\"https:\\\/\\\/hurghadaexcursion.com\\\/de\\\/\",\"name\":\"Hurghada Excursion\",\"description\":\"Best Travel Guide in Hurghada\",\"publisher\":{\"@id\":\"https:\\\/\\\/hurghadaexcursion.com\\\/de\\\/#organization\"},\"potentialAction\":[{\"@type\":\"SearchAction\",\"target\":{\"@type\":\"EntryPoint\",\"urlTemplate\":\"https:\\\/\\\/hurghadaexcursion.com\\\/de\\\/?s={search_term_string}\"},\"query-input\":{\"@type\":\"PropertyValueSpecification\",\"valueRequired\":true,\"valueName\":\"search_term_string\"}}],\"inLanguage\":\"de-DE\"},{\"@type\":\"Organization\",\"@id\":\"https:\\\/\\\/hurghadaexcursion.com\\\/de\\\/#organization\",\"name\":\"Hurghada Excursion\",\"url\":\"https:\\\/\\\/hurghadaexcursion.com\\\/de\\\/\",\"logo\":{\"@type\":\"ImageObject\",\"inLanguage\":\"de-DE\",\"@id\":\"https:\\\/\\\/hurghadaexcursion.com\\\/de\\\/#\\\/schema\\\/logo\\\/image\\\/\",\"url\":\"https:\\\/\\\/hurghadaexcursion.com\\\/wp-content\\\/uploads\\\/2019\\\/05\\\/hueghada-excursion@2x-1.png\",\"contentUrl\":\"https:\\\/\\\/hurghadaexcursion.com\\\/wp-content\\\/uploads\\\/2019\\\/05\\\/hueghada-excursion@2x-1.png\",\"width\":380,\"height\":120,\"caption\":\"Hurghada Excursion\"},\"image\":{\"@id\":\"https:\\\/\\\/hurghadaexcursion.com\\\/de\\\/#\\\/schema\\\/logo\\\/image\\\/\"},\"sameAs\":[\"https:\\\/\\\/www.facebook.com\\\/hurghadatrips.com.55\",\"https:\\\/\\\/x.com\\\/hurghadaexcurs1\",\"https:\\\/\\\/www.youtube.com\\\/channel\\\/UCpqEsBpgLc2qACQJWfJ_ggg\",\"https:\\\/\\\/hurghadaexcursion.com\\\/\"]}]}<\/script>\n<!-- \/ Yoast SEO plugin. -->","yoast_head_json":{"title":"\u00dcber uns | Hurghada Excursion","robots":{"index":"index","follow":"follow","max-snippet":"max-snippet:-1","max-image-preview":"max-image-preview:large","max-video-preview":"max-video-preview:-1"},"canonical":"\/de\/https:\/\/hurghadaexcursion.com\/de\/about-us\/\/","og_locale":"de_DE","og_type":"article","og_title":"\u00dcber uns | Hurghada Excursion","og_description":"[vc_row][vc_column][vc_empty_space height=&#8221;60px&#8221;][\/vc_column][vc_column][vc_column_text] Willkommen bei der Hurghada-Exkursion [\/vc_column_text][vc_column_text] Wir sind auf einer Reise, um gew\u00f6hnliche Reisen in au\u00dfergew\u00f6hnliche zu verwandeln. Wir sind Ihr Reisef\u00fchrer und bringen Ihnen pers\u00f6nliche Erfahrungen. Wohin Ihre Reise Sie auch f\u00fchrt, wir zeigen Ihnen, was Sie an Ihrem Reiseziel unbedingt erleben sollten. Mit Hurghada Excursion an Ihrer Seite war es noch nie [&hellip;]","og_url":"\/de\/https:\/\/hurghadaexcursion.com\/de\/about-us\/\/","og_site_name":"Hurghada Excursion","article_publisher":"https:\/\/www.facebook.com\/hurghadatrips.com.55","article_modified_time":"2024-12-19T20:39:09+00:00","og_image":[{"width":1900,"height":296,"url":"https:\/\/hurghadaexcursion.com\/wp-content\/uploads\/2022\/02\/banner-info.jpg","type":"image\/jpeg"}],"twitter_card":"summary_large_image","twitter_site":"@hurghadaexcurs1","twitter_misc":{"Gesch\u00e4tzte Lesezeit":"3 minutes"},"schema":{"@context":"https:\/\/schema.org","@graph":[{"@type":"WebPage","@id":"https:\/\/hurghadaexcursion.com\/de\/about-us\/","url":"https:\/\/hurghadaexcursion.com\/de\/about-us\/","name":"\u00dcber uns | Hurghada Excursion","isPartOf":{"@id":"https:\/\/hurghadaexcursion.com\/de\/#website"},"primaryImageOfPage":{"@id":"https:\/\/hurghadaexcursion.com\/de\/about-us\/#primaryimage"},"image":{"@id":"https:\/\/hurghadaexcursion.com\/de\/about-us\/#primaryimage"},"thumbnailUrl":"https:\/\/hurghadaexcursion.com\/wp-content\/uploads\/2022\/02\/banner-info.jpg","datePublished":"2018-12-10T03:06:47+00:00","dateModified":"2024-12-19T20:39:09+00:00","breadcrumb":{"@id":"https:\/\/hurghadaexcursion.com\/de\/about-us\/#breadcrumb"},"inLanguage":"de-DE","potentialAction":[{"@type":"ReadAction","target":["https:\/\/hurghadaexcursion.com\/de\/about-us\/"]}]},{"@type":"ImageObject","inLanguage":"de-DE","@id":"https:\/\/hurghadaexcursion.com\/de\/about-us\/#primaryimage","url":"https:\/\/hurghadaexcursion.com\/wp-content\/uploads\/2022\/02\/banner-info.jpg","contentUrl":"https:\/\/hurghadaexcursion.com\/wp-content\/uploads\/2022\/02\/banner-info.jpg","width":1900,"height":296},{"@type":"BreadcrumbList","@id":"https:\/\/hurghadaexcursion.com\/de\/about-us\/#breadcrumb","itemListElement":[{"@type":"ListItem","position":1,"name":"Home","item":"https:\/\/hurghadaexcursion.com\/de\/"},{"@type":"ListItem","position":2,"name":"\u00dcber uns"}]},{"@type":"WebSite","@id":"https:\/\/hurghadaexcursion.com\/de\/#website","url":"https:\/\/hurghadaexcursion.com\/de\/","name":"Ausfl\u00fcge von El Gouna","description":"Beste Reisef\u00fchrer in Hurghada","publisher":{"@id":"https:\/\/hurghadaexcursion.com\/de\/#organization"},"potentialAction":[{"@type":"SearchAction","target":{"@type":"EntryPoint","urlTemplate":"https:\/\/hurghadaexcursion.com\/de\/?s={search_term_string}"},"query-input":{"@type":"PropertyValueSpecification","valueRequired":true,"valueName":"search_term_string"}}],"inLanguage":"de-DE"},{"@type":"Organization","@id":"https:\/\/hurghadaexcursion.com\/de\/#organization","name":"Ausfl\u00fcge von El Gouna","url":"https:\/\/hurghadaexcursion.com\/de\/","logo":{"@type":"ImageObject","inLanguage":"de-DE","@id":"https:\/\/hurghadaexcursion.com\/de\/#\/schema\/logo\/image\/","url":"https:\/\/hurghadaexcursion.com\/wp-content\/uploads\/2019\/05\/hueghada-excursion@2x-1.png","contentUrl":"https:\/\/hurghadaexcursion.com\/wp-content\/uploads\/2019\/05\/hueghada-excursion@2x-1.png","width":380,"height":120,"caption":"Hurghada Excursion"},"image":{"@id":"https:\/\/hurghadaexcursion.com\/de\/#\/schema\/logo\/image\/"},"sameAs":["https:\/\/www.facebook.com\/hurghadatrips.com.55","https:\/\/x.com\/hurghadaexcurs1","https:\/\/www.youtube.com\/channel\/UCpqEsBpgLc2qACQJWfJ_ggg","https:\/\/hurghadaexcursion.com\/"]}]}},"_links":{"self":[{"href":"https:\/\/hurghadaexcursion.com\/de\/wp-json\/wp\/v2\/pages\/12273","targetHints":{"allow":["GET"]}}],"collection":[{"href":"https:\/\/hurghadaexcursion.com\/de\/wp-json\/wp\/v2\/pages"}],"about":[{"href":"https:\/\/hurghadaexcursion.com\/de\/wp-json\/wp\/v2\/types\/page"}],"author":[{"embeddable":true,"href":"https:\/\/hurghadaexcursion.com\/de\/wp-json\/wp\/v2\/users\/7"}],"replies":[{"embeddable":true,"href":"https:\/\/hurghadaexcursion.com\/de\/wp-json\/wp\/v2\/comments?post=12273"}],"version-history":[{"count":0,"href":"https:\/\/hurghadaexcursion.com\/de\/wp-json\/wp\/v2\/pages\/12273\/revisions"}],"wp:featuredmedia":[{"embeddable":true,"href":"https:\/\/hurghadaexcursion.com\/de\/wp-json\/wp\/v2\/media\/11212"}],"wp:attachment":[{"href":"https:\/\/hurghadaexcursion.com\/de\/wp-json\/wp\/v2\/media?parent=12273"}],"curies":[{"name":"wp","href":"https:\/\/api.w.org\/{rel}","templated":true}]}}