{"id":24456,"date":"2022-10-16T00:03:34","date_gmt":"2022-10-16T00:03:34","guid":{"rendered":"https:\/\/hurghadaexcursion.com\/?page_id=24456"},"modified":"2022-10-16T00:39:15","modified_gmt":"2022-10-16T00:39:15","slug":"hurghada-boat-trips","status":"publish","type":"page","link":"https:\/\/hurghadaexcursion.com\/cs\/hurghada-boat-trips\/","title":{"rendered":"hurghada boat trips, Private yacht in Hurghada"},"content":{"rendered":"<h2>\u00a0 hurghada boat trips -Sea trip on a private yacht<\/h2>\n<h3><strong>Travel days<\/strong><\/h3>\n<p><strong>hurghada boat trips \/ We organize excursions daily from 08:30 to 16:00.<\/strong><\/p>\n<p>&nbsp;<\/p>\n<figure id=\"attachment_23807\" aria-describedby=\"caption-attachment-23807\" style=\"width: 300px\" class=\"wp-caption alignnone\"><a href=\"http:\/\/https:\/\/hurghadaexcursion.com\/\"><img fetchpriority=\"high\" decoding=\"async\" class=\"size-medium wp-image-23807\" src=\"https:\/\/hurghadaexcursion.com\/wp-content\/uploads\/2022\/06\/cb-1-300x300.jpg\" alt=\"BOOK hurghada fishing Trip\" width=\"300\" height=\"300\" \/><\/a><figcaption id=\"caption-attachment-23807\" class=\"wp-caption-text\">BOOK hurghada fishing Trip<\/figcaption><\/figure>\n<h2>hurghada v\u00fdlety lod\u00ed<strong>\u00a0Program<\/strong><\/h2>\n<p>hurghada boat trips ,In the morning you sail on a yacht from Hurghada. Make stops at the coral reef for snorkeling and swimming. After swimming, have lunch and fishing from the yacht.<\/p>\n<p><strong>At 16:00<\/strong> return to the hotel.<\/p>\n<h3><strong>Co je v cen\u011b\/<\/strong><\/h3>\n<p>Transfer vyzvedne z hotelu v Hurghad\u011b a p\u0159in\u00e1\u0161\u00ed zp\u011bt po turn\u00e9.<br \/>\nV mo\u0159i, vybaven\u00ed na \u0161norchlov\u00e1n\u00ed a ryba\u0159en\u00ed je vydal.<br \/>\nCena zahrnuje ob\u011bd a nealkoholick\u00e9 n\u00e1poje.<br \/>\nWhat is not included<br \/>\n<strong>The price does not include<\/strong> a visit to the islands &#8211; optional $ 10 per person.<\/p>\n<p>Separately paid transfer from El Gouna, Sahl Hasheesh and Makadi Bay &#8211; $ 5 per person, from 2 people or $ 25 for a minibus in both directions.<\/p>\n<h2>hurghada v\u00fdlety lod\u00ed <strong>Advise:<\/strong><\/h2>\n<ul>\n<li>Remember to bring Hat, Sunglasses and Sun creams.<\/li>\n<li>Can Take Camera and also Your Mobile.<\/li>\n<li>Get Comfortable shoes.<\/li>\n<li>Wear heavy clothes in winter and autumn, because it is cold in the evening and after finish\u00a0<strong>swimming with Dolphin<\/strong>.<\/li>\n<\/ul>\n<h2><strong>Why choose to book <\/strong>hurghada v\u00fdlety lod\u00ed <strong>s n\u00e1mi?<\/strong><\/h2>\n<ul>\n<li>\u00a0Trip reservations are made daily and all trips are daily.<\/li>\n<li>\u00a0Our goal is for you to enjoy the trip, not money, and we deal and help as one family.<\/li>\n<li>\u00a0Competitive prices.<\/li>\n<li>\u00a0Professional in dealing.<\/li>\n<li>Adherence to tourism quality standards and other matters.<\/li>\n<\/ul>\n<h3><strong>Covid-19 precautions \u2013\u00a0Dolphin House Sea Trip:<\/strong><\/h3>\n<ul>\n<li>Nab\u00edz\u00edme Speci\u00e1ln\u00ed zdravotn\u00ed a bezpe\u010dnostn\u00ed opat\u0159en\u00ed v lodi.<\/li>\n<li>We provide Special health a disinfectant for everyone on\u00a0<strong>Dolphin House Sea Trip<\/strong>.<\/li>\n<\/ul>\n<p>&nbsp;<\/p>\n<h2>How book hurghada boat trips ?<\/h2>\n<h2><strong><em>BOOKING <\/em><\/strong>hurghada v\u00fdlety lod\u00ed <strong><em>:\u00a0<\/em><\/strong><\/h2>\n<p>1 - Napi\u0161te n\u00e1m (z domova nebo z hotelu) mas\u00e1\u017ee prost\u0159ednictv\u00edm:<br \/>\nWhatsapp: +201202905255<br \/>\nViber: +201202905255<br \/>\nE-mail: info@hurghadaexcursion.com<br \/>\nnebo n\u00e1m zavolejte:+201202905255<br \/>\n2 - Jen za\u0161lete n\u00e1m n\u00e1zev hotelu , n\u00e1zev turn\u00e9, kolik osoba a den turn\u00e9 a obdr\u017e\u00edte potvrzen\u00ed o rezervaci ihned bez z\u00e1lohy.<br \/>\n3 - Kontaktujte n\u00e1s, jindy na den p\u0159ed tour zn\u00e1t p\u0159esn\u00fd \u010das vyzvednut\u00ed z va\u0161eho hotelu.<br \/>\n4 - \u017d\u00e1dn\u00e9 platby p\u0159edem nutn\u00e1.<br \/>\n5 - Platba se prov\u00e1d\u00ed v hotovosti v den prohl\u00eddky.<br \/>\n6 - Objedn\u00e1n\u00ed z\u00e1jezdu alespo\u0148 1 den p\u0159ed za\u010d\u00e1tkem turn\u00e9.<\/p>\n<p>&nbsp;<\/p>\n<h2>hurghada v\u00fdlety lod\u00ed <strong>Prices\/<\/strong><\/h2>\n<h3><span style=\"color: #3366ff; font-family: tahoma, arial, helvetica, sans-serif;\">Up to 6 people 150$ private boat tour price in Hurghada ;\u00a0 going to the island is optional, 10 dollars per person, entrance fees<\/span><\/h3>\n<figure id=\"attachment_24499\" aria-describedby=\"caption-attachment-24499\" style=\"width: 274px\" class=\"wp-caption alignleft\"><a href=\"http:\/\/https:\/\/hurghadaexcursion.com\/\"><img decoding=\"async\" class=\"wp-image-24499\" src=\"https:\/\/hurghadaexcursion.com\/wp-content\/uploads\/2022\/10\/223957246_1952455721577067_5436796315957820419_n-300x300.jpg\" alt=\"hurghada v\u00fdlety lod\u00ed\" width=\"274\" height=\"274\" \/><\/a><figcaption id=\"caption-attachment-24499\" class=\"wp-caption-text\">hurghada boat trips &#8211; private boat tour price in Hurghada<\/figcaption><\/figure>\n<p>&nbsp;<\/p>\n<p>&nbsp;<\/p>\n<p>&nbsp;<\/p>\n<p>&nbsp;<\/p>\n<h3><\/h3>\n<h3><\/h3>\n<h3><\/h3>\n<h3><\/h3>\n<h3><\/h3>\n<h3><span style=\"color: #3366ff;\">The price of a private boat trip up to 8 adults is 230 dollars in Hurghada, going to the island is optional, 10 dollars per person, entrance fees<\/span><\/h3>\n<p>&nbsp;<\/p>\n<figure id=\"attachment_24493\" aria-describedby=\"caption-attachment-24493\" style=\"width: 263px\" class=\"wp-caption alignnone\"><a href=\"http:\/\/https:\/\/hurghadaexcursion.com\/\"><img decoding=\"async\" class=\"wp-image-24493\" src=\"https:\/\/hurghadaexcursion.com\/wp-content\/uploads\/2022\/10\/224871614_1952455688243737_6525886351685853585_n-300x300.jpg\" alt=\"private boat tour price in Hurghada\" width=\"263\" height=\"263\" \/><\/a><figcaption id=\"caption-attachment-24493\" class=\"wp-caption-text\">private boat tour price in Hurghada<\/figcaption><\/figure>\n<p>&nbsp;<\/p>\n<p>&nbsp;<\/p>\n<p>&nbsp;<\/p>\n<h3><span style=\"color: #3366ff; font-size: 12pt;\">The price of a private boat trip up to 10 adults is 300 dollars in Hurghada, going to the island is optional, 10 dollars per person, entrance fees<\/span><\/h3>\n<p>&nbsp;<\/p>\n<p>&nbsp;<\/p>\n<figure id=\"attachment_24487\" aria-describedby=\"caption-attachment-24487\" style=\"width: 300px\" class=\"wp-caption alignnone\"><a href=\"http:\/\/https:\/\/hurghadaexcursion.com\/\"><img loading=\"lazy\" decoding=\"async\" class=\"size-medium wp-image-24487\" src=\"https:\/\/hurghadaexcursion.com\/wp-content\/uploads\/2022\/10\/WhatsApp-Image-2022-01-06-at-3.19.49-PM-300x300.jpeg\" alt=\"private boat tour price in Hurghada\" width=\"300\" height=\"300\" \/><\/a><figcaption id=\"caption-attachment-24487\" class=\"wp-caption-text\">private boat tour price in Hurghada<\/figcaption><\/figure>\n<p>&nbsp;<\/p>\n<h3><span style=\"color: #3366ff; font-size: 12pt;\">The price of a private boat trip up to 20 adults is 350 dollars in Hurghada, going to the island is optional, 10 dollars per person, entrance fees<\/span><\/h3>\n<p>&nbsp;<\/p>\n<p>&nbsp;<\/p>\n<figure id=\"attachment_24469\" aria-describedby=\"caption-attachment-24469\" style=\"width: 300px\" class=\"wp-caption alignnone\"><a href=\"http:\/\/https:\/\/hurghadaexcursion.com\/\"><img loading=\"lazy\" decoding=\"async\" class=\"size-medium wp-image-24469\" src=\"https:\/\/hurghadaexcursion.com\/wp-content\/uploads\/2022\/10\/225743233_1952455551577084_7246303328078625709_n-300x300.jpg\" alt=\"private boat tour price in Hurghada\" width=\"300\" height=\"300\" \/><\/a><figcaption id=\"caption-attachment-24469\" class=\"wp-caption-text\">private boat tour price in Hurghada<a href=\"https:\/\/en.wikipedia.org\/wiki\/Red_Sea\">.<\/a><\/figcaption><\/figure>\n<p>&nbsp;<\/p>\n<p>Pod\u00edvejte se na Egypt, Cestov\u00e1n\u00ed<a href=\"https:\/\/hurghadaexcursion.com\/cs\/sidebar-search-layout-activity\/?location_name=Hurghada&amp;location_id=10202\"><strong>\u00a0bal\u00ed\u010dek<\/strong><\/a>\u00a0for snorkeling trips in red sea egypt\u00a0 \u00a0like\u00a0<a href=\"https:\/\/hurghadaexcursion.com\/cs\/st_activity\/orange-bay-island-hurghada-snorkeling-trip\/\"><strong>Orange Bay<\/strong><\/a>\u00a0Hurghada Island Trip,\u00a0\u00a0<strong>swim with dolphins hurghada<\/strong><a href=\"https:\/\/hurghadaexcursion.com\/cs\/st_activity\/dolphin-house-vip-water-sports\/\">,<\/a>\u00a0<a href=\"https:\/\/hurghadaexcursion.com\/cs\/st_activity\/parasailing-in-hurghada\/?date=26\/09\/2022 12:00 am-27\/09\/2022 11:59 pm\"><strong>R\u00e1j<\/strong><\/a>\u00a0Ostrov V\u00fdlet, Cel\u00fd Den Pot\u00e1p\u011bn\u00ed\u00a0<strong>hurghada<\/strong>\u00a0<a href=\"https:\/\/hurghadaexcursion.com\/cs\/st_activity\/diving-in-hurghada-for-beginners\/?date=26\/09\/2022 12:00 am-27\/09\/2022 11:59 pm\"><strong>Pot\u00e1p\u011bn\u00ed<\/strong>\u00a0<\/a>V\u00fdlet,\u00a0\u00a0<span dir=\"ltr\"><a href=\"https:\/\/hurghadaexcursion.com\/cs\/st_activity\/super-utopia-island\/?date=26\/09\/2022 12:00 am-27\/09\/2022 11:59 pm\"><b>utopie<\/b>\u00a0<\/a>ostrov hurghada<\/span>\u00a0 \u00a0<a href=\"https:\/\/hurghadaexcursion.com\/cs\/st_activity\/cairo-trip-by-bus-from-hurghada\/?date=26\/09\/2022 12:00 am-27\/09\/2022 11:59 pm\">\u00a0K\u00e1hira<\/a>\u00a0<strong>Pyramidy<\/strong>\u00a0Celodenn\u00ed V\u00fdlet,\u00a0<a href=\"https:\/\/hurghadaexcursion.com\/cs\/st_activity\/luxor-day-tour-from-hurghada-by-bus\/?date=26\/09\/2022 12:00 am-27\/09\/2022 11:59 pm\"><strong>Luxor<\/strong><\/a>\u00a0Celodenn\u00ed V\u00fdlet, Delf\u00edn\u00a0<a href=\"https:\/\/hurghadaexcursion.com\/cs\/st_activity\/dolphin-show-in-hurghada\/?date=26\/09\/2022 12:00 am-27\/09\/2022 11:59 pm\"><strong>Show<\/strong><\/a>\u00a0V\u00fdlet, d\u017eungle\u00a0<a href=\"https:\/\/hurghadaexcursion.com\/cs\/st_activity\/jungle-aqua-park-hurghada-ausfluge\/?date=26\/09\/2022 12:00 am-27\/09\/2022 11:59 pm\"><strong>Aqua<\/strong><\/a>\u00a0Park , Grand\u00a0<a href=\"https:\/\/hurghadaexcursion.com\/cs\/st_activity\/hurghada-grand-aquarium-trip\/?date=26\/09\/2022 12:00 am-27\/09\/2022 11:59 pm\"><strong>Akv\u00e1rium<\/strong>\u00a0<\/a>V\u00fdlet a\u00a0<a href=\"https:\/\/hurghadaexcursion.com\/cs\/best-hurghada-excursions\/el-gouna-boat-trip\/\"><strong>El Gouna<\/strong><\/a>, Sahl\u00a0<a href=\"https:\/\/hurghadaexcursion.com\/cs\/st_activity\/super-sahl-hasheesh-sea-trip\/?date=26\/09\/2022 12:00 am-27\/09\/2022 11:59 pm\"><strong>Hashebesh<\/strong><\/a>stejn\u011b jako Hurghada pot\u00e1p\u011bn\u00ed pro za\u010d\u00e1te\u010dn\u00edky a pot\u00e1p\u011b\u010dsk\u00e9\u00a0<strong>kurz<\/strong>\u00a0for advanced at the Hurghada Diving Center Excursion, check out our other trips, Jeep hurghada\u00a0<a href=\"https:\/\/hurghadaexcursion.com\/cs\/st_activity\/family-safari-trip-from-hurghada\/?date=26\/09\/2022 12:00 am-27\/09\/2022 11:59 pm\"><strong>Safari<\/strong><\/a>\u00a0,\u00a0<a href=\"https:\/\/hurghadaexcursion.com\/cs\/st_activity\/3-hours-quad-bike-safari-desert-from-hurghada\/?date=26\/09\/2022 12:00 am-27\/09\/2022 11:59 pm\"><strong>Quad<\/strong>\u00a0<\/a>bike safari v Hurghada, v\u00fdlet na p\u00edse\u010dn\u00e9 duny v\u00a0<a href=\"https:\/\/hurghadaexcursion.com\/cs\/sidebar-search-layout-activity\/?location_name=Hurghada&amp;location_id=10202&amp;start=&amp;end=&amp;date=26\/09\/2022 12:00 am-27\/09\/2022 11:59 pm&amp;price_range=0;550&amp;taxonomy[attractions]=\"><strong>Hurghady\u00a0<\/strong><\/a>a je\u0161t\u011b s n\u00e1mi.\u00a0<strong>diving hurghada\u00a0 ,Dolphin House ,things to do in hurghada for families ;things to do in hurghada at night;hurghada yacht rental ;\u00a0<span dir=\"ltr\"><b>private boat in<\/b>\u00a0hurghada ;yacht\u00a0<b>for rent in hurghada.happy dolphin hurghada ,<a href=\"https:\/\/hurghadaexcursion.com\/cs\/\">quad fahren<\/a>\u00a0hurghada ,<a href=\"https:\/\/hurghadaexcursion.com\/cs\/\">u boot hurghada<\/a><\/b><\/span><\/strong><\/p>","protected":false},"excerpt":{"rendered":"\u00a0 hurghada boat trips -Sea trip on a private yacht...","protected":false},"author":7,"featured_media":24475,"parent":0,"menu_order":0,"comment_status":"closed","ping_status":"closed","template":"","meta":{"footnotes":""},"class_list":["post-24456","page","type-page","status-publish","has-post-thumbnail","hentry"],"yoast_head":"<!-- This site is optimized with the Yoast SEO plugin v27.4 - https:\/\/yoast.com\/product\/yoast-seo-wordpress\/ -->\n<title>hurghada boat trips, Private yacht in Hurghada | Hurghada Excursion<\/title>\n<meta name=\"robots\" content=\"index, follow, max-snippet:-1, max-image-preview:large, max-video-preview:-1\" \/>\n<link rel=\"canonical\" href=\"\/cs\/https:\/\/hurghadaexcursion.com\/cs\/hurghada-boat-trips\/\/\" \/>\n<meta property=\"og:locale\" content=\"en_US\" \/>\n<meta property=\"og:type\" content=\"article\" \/>\n<meta property=\"og:title\" content=\"hurghada boat trips, Private yacht in Hurghada | Hurghada Excursion\" \/>\n<meta property=\"og:description\" content=\"\u00a0 hurghada boat trips -Sea trip on a private yacht Travel days hurghada boat trips \/ We organize excursions daily from 08:30 to 16:00. &nbsp; hurghada boat trips\u00a0Program hurghada boat trips ,In the morning you sail on a yacht from Hurghada. Make stops at the coral reef for snorkeling and swimming. After swimming, have lunch [&hellip;]\" \/>\n<meta property=\"og:url\" content=\"\/cs\/https:\/\/hurghadaexcursion.com\/cs\/hurghada-boat-trips\/\/\" \/>\n<meta property=\"og:site_name\" content=\"Hurghada Excursion\" \/>\n<meta property=\"article:publisher\" content=\"https:\/\/www.facebook.com\/hurghadatrips.com.55\" \/>\n<meta property=\"article:modified_time\" content=\"2022-10-16T00:39:15+00:00\" \/>\n<meta property=\"og:image\" content=\"https:\/\/hurghadaexcursion.com\/wp-content\/uploads\/2022\/10\/192398964_1903346306488009_8925829796828655657_n.jpg\" \/>\n\t<meta property=\"og:image:width\" content=\"526\" \/>\n\t<meta property=\"og:image:height\" content=\"535\" \/>\n\t<meta property=\"og:image:type\" content=\"image\/jpeg\" \/>\n<meta name=\"twitter:card\" content=\"summary_large_image\" \/>\n<meta name=\"twitter:site\" content=\"@hurghadaexcurs1\" \/>\n<meta name=\"twitter:label1\" content=\"Est. reading time\" \/>\n\t<meta name=\"twitter:data1\" content=\"3 minutes\" \/>\n<script type=\"application\/ld+json\" class=\"yoast-schema-graph\">{\"@context\":\"https:\\\/\\\/schema.org\",\"@graph\":[{\"@type\":\"WebPage\",\"@id\":\"https:\\\/\\\/hurghadaexcursion.com\\\/cs\\\/hurghada-boat-trips\\\/\",\"url\":\"https:\\\/\\\/hurghadaexcursion.com\\\/cs\\\/hurghada-boat-trips\\\/\",\"name\":\"hurghada boat trips, Private yacht in Hurghada | Hurghada Excursion\",\"isPartOf\":{\"@id\":\"https:\\\/\\\/hurghadaexcursion.com\\\/#website\"},\"primaryImageOfPage\":{\"@id\":\"https:\\\/\\\/hurghadaexcursion.com\\\/cs\\\/hurghada-boat-trips\\\/#primaryimage\"},\"image\":{\"@id\":\"https:\\\/\\\/hurghadaexcursion.com\\\/cs\\\/hurghada-boat-trips\\\/#primaryimage\"},\"thumbnailUrl\":\"https:\\\/\\\/hurghadaexcursion.com\\\/wp-content\\\/uploads\\\/2022\\\/10\\\/192398964_1903346306488009_8925829796828655657_n.jpg\",\"datePublished\":\"2022-10-16T00:03:34+00:00\",\"dateModified\":\"2022-10-16T00:39:15+00:00\",\"breadcrumb\":{\"@id\":\"https:\\\/\\\/hurghadaexcursion.com\\\/cs\\\/hurghada-boat-trips\\\/#breadcrumb\"},\"inLanguage\":\"en-US\",\"potentialAction\":[{\"@type\":\"ReadAction\",\"target\":[\"https:\\\/\\\/hurghadaexcursion.com\\\/cs\\\/hurghada-boat-trips\\\/\"]}]},{\"@type\":\"ImageObject\",\"inLanguage\":\"en-US\",\"@id\":\"https:\\\/\\\/hurghadaexcursion.com\\\/cs\\\/hurghada-boat-trips\\\/#primaryimage\",\"url\":\"https:\\\/\\\/hurghadaexcursion.com\\\/wp-content\\\/uploads\\\/2022\\\/10\\\/192398964_1903346306488009_8925829796828655657_n.jpg\",\"contentUrl\":\"https:\\\/\\\/hurghadaexcursion.com\\\/wp-content\\\/uploads\\\/2022\\\/10\\\/192398964_1903346306488009_8925829796828655657_n.jpg\",\"width\":526,\"height\":535,\"caption\":\"hurghada boat trips -Sea trip on a private yacht, Relax with a Private Tour, Customized Just for You, Island, Sunset trip, Snorkeling, Fishing,\"},{\"@type\":\"BreadcrumbList\",\"@id\":\"https:\\\/\\\/hurghadaexcursion.com\\\/cs\\\/hurghada-boat-trips\\\/#breadcrumb\",\"itemListElement\":[{\"@type\":\"ListItem\",\"position\":1,\"name\":\"Home\",\"item\":\"https:\\\/\\\/hurghadaexcursion.com\\\/\"},{\"@type\":\"ListItem\",\"position\":2,\"name\":\"hurghada boat trips, Private yacht in Hurghada\"}]},{\"@type\":\"WebSite\",\"@id\":\"https:\\\/\\\/hurghadaexcursion.com\\\/#website\",\"url\":\"https:\\\/\\\/hurghadaexcursion.com\\\/\",\"name\":\"Hurghada Excursion\",\"description\":\"Best Travel Guide in Hurghada\",\"publisher\":{\"@id\":\"https:\\\/\\\/hurghadaexcursion.com\\\/#organization\"},\"potentialAction\":[{\"@type\":\"SearchAction\",\"target\":{\"@type\":\"EntryPoint\",\"urlTemplate\":\"https:\\\/\\\/hurghadaexcursion.com\\\/?s={search_term_string}\"},\"query-input\":{\"@type\":\"PropertyValueSpecification\",\"valueRequired\":true,\"valueName\":\"search_term_string\"}}],\"inLanguage\":\"en-US\"},{\"@type\":\"Organization\",\"@id\":\"https:\\\/\\\/hurghadaexcursion.com\\\/#organization\",\"name\":\"Hurghada Excursion\",\"url\":\"https:\\\/\\\/hurghadaexcursion.com\\\/\",\"logo\":{\"@type\":\"ImageObject\",\"inLanguage\":\"en-US\",\"@id\":\"https:\\\/\\\/hurghadaexcursion.com\\\/#\\\/schema\\\/logo\\\/image\\\/\",\"url\":\"https:\\\/\\\/hurghadaexcursion.com\\\/wp-content\\\/uploads\\\/2019\\\/05\\\/hueghada-excursion@2x-1.png\",\"contentUrl\":\"https:\\\/\\\/hurghadaexcursion.com\\\/wp-content\\\/uploads\\\/2019\\\/05\\\/hueghada-excursion@2x-1.png\",\"width\":380,\"height\":120,\"caption\":\"Hurghada Excursion\"},\"image\":{\"@id\":\"https:\\\/\\\/hurghadaexcursion.com\\\/#\\\/schema\\\/logo\\\/image\\\/\"},\"sameAs\":[\"https:\\\/\\\/www.facebook.com\\\/hurghadatrips.com.55\",\"https:\\\/\\\/x.com\\\/hurghadaexcurs1\",\"https:\\\/\\\/www.youtube.com\\\/channel\\\/UCpqEsBpgLc2qACQJWfJ_ggg\",\"https:\\\/\\\/hurghadaexcursion.com\\\/\"]}]}<\/script>\n<!-- \/ Yoast SEO plugin. -->","yoast_head_json":{"title":"hurghada boat trips, Private yacht in Hurghada | Hurghada Excursion","robots":{"index":"index","follow":"follow","max-snippet":"max-snippet:-1","max-image-preview":"max-image-preview:large","max-video-preview":"max-video-preview:-1"},"canonical":"\/cs\/https:\/\/hurghadaexcursion.com\/cs\/hurghada-boat-trips\/\/","og_locale":"en_US","og_type":"article","og_title":"hurghada boat trips, Private yacht in Hurghada | Hurghada Excursion","og_description":"\u00a0 hurghada boat trips -Sea trip on a private yacht Travel days hurghada boat trips \/ We organize excursions daily from 08:30 to 16:00. &nbsp; hurghada boat trips\u00a0Program hurghada boat trips ,In the morning you sail on a yacht from Hurghada. Make stops at the coral reef for snorkeling and swimming. After swimming, have lunch [&hellip;]","og_url":"\/cs\/https:\/\/hurghadaexcursion.com\/cs\/hurghada-boat-trips\/\/","og_site_name":"Hurghada Excursion","article_publisher":"https:\/\/www.facebook.com\/hurghadatrips.com.55","article_modified_time":"2022-10-16T00:39:15+00:00","og_image":[{"width":526,"height":535,"url":"https:\/\/hurghadaexcursion.com\/wp-content\/uploads\/2022\/10\/192398964_1903346306488009_8925829796828655657_n.jpg","type":"image\/jpeg"}],"twitter_card":"summary_large_image","twitter_site":"@hurghadaexcurs1","twitter_misc":{"Est. reading time":"3 minutes"},"schema":{"@context":"https:\/\/schema.org","@graph":[{"@type":"WebPage","@id":"https:\/\/hurghadaexcursion.com\/cs\/hurghada-boat-trips\/","url":"https:\/\/hurghadaexcursion.com\/cs\/hurghada-boat-trips\/","name":"hurghada boat trips, Private yacht in Hurghada | Hurghada Excursion","isPartOf":{"@id":"https:\/\/hurghadaexcursion.com\/#website"},"primaryImageOfPage":{"@id":"https:\/\/hurghadaexcursion.com\/cs\/hurghada-boat-trips\/#primaryimage"},"image":{"@id":"https:\/\/hurghadaexcursion.com\/cs\/hurghada-boat-trips\/#primaryimage"},"thumbnailUrl":"https:\/\/hurghadaexcursion.com\/wp-content\/uploads\/2022\/10\/192398964_1903346306488009_8925829796828655657_n.jpg","datePublished":"2022-10-16T00:03:34+00:00","dateModified":"2022-10-16T00:39:15+00:00","breadcrumb":{"@id":"https:\/\/hurghadaexcursion.com\/cs\/hurghada-boat-trips\/#breadcrumb"},"inLanguage":"en-US","potentialAction":[{"@type":"ReadAction","target":["https:\/\/hurghadaexcursion.com\/cs\/hurghada-boat-trips\/"]}]},{"@type":"ImageObject","inLanguage":"en-US","@id":"https:\/\/hurghadaexcursion.com\/cs\/hurghada-boat-trips\/#primaryimage","url":"https:\/\/hurghadaexcursion.com\/wp-content\/uploads\/2022\/10\/192398964_1903346306488009_8925829796828655657_n.jpg","contentUrl":"https:\/\/hurghadaexcursion.com\/wp-content\/uploads\/2022\/10\/192398964_1903346306488009_8925829796828655657_n.jpg","width":526,"height":535,"caption":"hurghada boat trips -Sea trip on a private yacht, Relax with a Private Tour, Customized Just for You, Island, Sunset trip, Snorkeling, Fishing,"},{"@type":"BreadcrumbList","@id":"https:\/\/hurghadaexcursion.com\/cs\/hurghada-boat-trips\/#breadcrumb","itemListElement":[{"@type":"ListItem","position":1,"name":"Home","item":"https:\/\/hurghadaexcursion.com\/"},{"@type":"ListItem","position":2,"name":"hurghada boat trips, Private yacht in Hurghada"}]},{"@type":"WebSite","@id":"https:\/\/hurghadaexcursion.com\/#website","url":"https:\/\/hurghadaexcursion.com\/","name":"V\u00fdlet Hurghada","description":"Nejlep\u0161\u00ed Cestovn\u00ed Pr\u016fvodce v Hurghad\u011b","publisher":{"@id":"https:\/\/hurghadaexcursion.com\/#organization"},"potentialAction":[{"@type":"SearchAction","target":{"@type":"EntryPoint","urlTemplate":"https:\/\/hurghadaexcursion.com\/?s={search_term_string}"},"query-input":{"@type":"PropertyValueSpecification","valueRequired":true,"valueName":"search_term_string"}}],"inLanguage":"en-US"},{"@type":"Organization","@id":"https:\/\/hurghadaexcursion.com\/#organization","name":"V\u00fdlet Hurghada","url":"https:\/\/hurghadaexcursion.com\/","logo":{"@type":"ImageObject","inLanguage":"en-US","@id":"https:\/\/hurghadaexcursion.com\/#\/schema\/logo\/image\/","url":"https:\/\/hurghadaexcursion.com\/wp-content\/uploads\/2019\/05\/hueghada-excursion@2x-1.png","contentUrl":"https:\/\/hurghadaexcursion.com\/wp-content\/uploads\/2019\/05\/hueghada-excursion@2x-1.png","width":380,"height":120,"caption":"Hurghada Excursion"},"image":{"@id":"https:\/\/hurghadaexcursion.com\/#\/schema\/logo\/image\/"},"sameAs":["https:\/\/www.facebook.com\/hurghadatrips.com.55","https:\/\/x.com\/hurghadaexcurs1","https:\/\/www.youtube.com\/channel\/UCpqEsBpgLc2qACQJWfJ_ggg","https:\/\/hurghadaexcursion.com\/"]}]}},"_links":{"self":[{"href":"https:\/\/hurghadaexcursion.com\/cs\/wp-json\/wp\/v2\/pages\/24456","targetHints":{"allow":["GET"]}}],"collection":[{"href":"https:\/\/hurghadaexcursion.com\/cs\/wp-json\/wp\/v2\/pages"}],"about":[{"href":"https:\/\/hurghadaexcursion.com\/cs\/wp-json\/wp\/v2\/types\/page"}],"author":[{"embeddable":true,"href":"https:\/\/hurghadaexcursion.com\/cs\/wp-json\/wp\/v2\/users\/7"}],"replies":[{"embeddable":true,"href":"https:\/\/hurghadaexcursion.com\/cs\/wp-json\/wp\/v2\/comments?post=24456"}],"version-history":[{"count":0,"href":"https:\/\/hurghadaexcursion.com\/cs\/wp-json\/wp\/v2\/pages\/24456\/revisions"}],"wp:featuredmedia":[{"embeddable":true,"href":"https:\/\/hurghadaexcursion.com\/cs\/wp-json\/wp\/v2\/media\/24475"}],"wp:attachment":[{"href":"https:\/\/hurghadaexcursion.com\/cs\/wp-json\/wp\/v2\/media?parent=24456"}],"curies":[{"name":"wp","href":"https:\/\/api.w.org\/{rel}","templated":true}]}}